{"id":2605,"date":"2026-03-03T00:40:24","date_gmt":"2026-03-02T21:40:24","guid":{"rendered":"https:\/\/www.iste-iste.av.tr\/?page_id=2605"},"modified":"2026-03-03T00:43:27","modified_gmt":"2026-03-02T21:43:27","slug":"serafettin-iste","status":"publish","type":"page","link":"https:\/\/www.iste-iste.av.tr\/en\/serafettin-iste\/","title":{"rendered":"\u015eerafettin \u0130ste"},"content":{"rendered":"<div class=\"wpb-content-wrapper\"><p>[vc_row uniqid=&#8221;62e298d71a6d3&#8243;][vc_column width=&#8221;5\/12&#8243;][vc_single_image image=&#8221;2593&#8243; img_size=&#8221;full&#8221; css=&#8221;.vc_custom_1772487744351{border-top-width: 1px !important;border-right-width: 1px !important;border-bottom-width: 1px !important;border-left-width: 1px !important;border-left-color: #0a0a0a !important;border-left-style: solid !important;border-right-color: #0a0a0a !important;border-right-style: solid !important;border-top-color: #0a0a0a !important;border-top-style: solid !important;border-bottom-color: #0a0a0a !important;border-bottom-style: solid !important;}&#8221;][\/vc_column][vc_column width=&#8221;7\/12&#8243;][vc_custom_heading text=&#8221;\u015eerafettin \u0130STE&#8221; font_container=&#8221;tag:h1|font_size:45px|text_align:left&#8221; use_theme_fonts=&#8221;yes&#8221;][vc_row_inner][vc_column_inner width=&#8221;8\/12&#8243;][vc_column_text css=&#8221;.vc_custom_1772487757846{margin-bottom: 10px !important;}&#8221;]<\/p>\n<p>Consultant<\/p>\n<p>[\/vc_column_text][vc_column_text css=&#8221;.vc_custom_1772487770326{margin-bottom: 10px !important;}&#8221;]<\/p>\n<p><strong>Email:<\/strong> <a href=\"mailto:serafettin@iste-iste.av.tr\">serafettin@iste-iste.av.tr<\/a><\/p>\n<p>[\/vc_column_text][\/vc_column_inner][vc_column_inner width=&#8221;1\/12&#8243;][\/vc_column_inner][vc_column_inner width=&#8221;1\/12&#8243;][\/vc_column_inner][vc_column_inner width=&#8221;1\/12&#8243;][\/vc_column_inner][vc_column_inner width=&#8221;1\/12&#8243;][\/vc_column_inner][\/vc_row_inner][vc_column_text]<\/p>\n<p>\u015eerafettin \u0130ste graduated from Istanbul University Faculty of Law in 1971. He began his legal career in Istanbul as a judicial candidate and subsequently served as a Public Prosecutor in Posof and Besni.<\/p>\n<p>He later held senior judicial positions, serving respectively as President of the Assize Court and Justice Commission in Kilis, President of the Assize Courts in Afyon and Sakarya, President of the Istanbul State Security Court and Justice Commission, and President of the Istanbul Assize Court.<\/p>\n<p>On 19 July 2004, he was elected as a Justice of the Court of Cassation (Yarg\u0131tay). On 8 July 2013, he was elected by the Grand General Assembly of the Court of Cassation as President of the 1st Criminal Chamber. He retired on 28 September 2014.<\/p>\n<p>He currently serves as a criminal law consultant to \u0130ste &amp; \u0130ste Law Firm.<\/p>\n<p>[\/vc_column_text][\/vc_column][\/vc_row][vc_row disable_element=&#8221;yes&#8221; uniqid=&#8221;62e7aafe5134f&#8221;][vc_column][vc_custom_heading text=&#8221;Sertifikalar ve Kat\u0131l\u0131m Belgeleri&#8221; font_container=&#8221;tag:h3|text_align:center&#8221; use_theme_fonts=&#8221;yes&#8221; css=&#8221;.vc_custom_1659046907202{margin-top: 30px !important;margin-bottom: 30px !important;}&#8221;][vc_row_inner][vc_column_inner width=&#8221;1\/2&#8243;][vc_column_text][\/vc_column_text][\/vc_column_inner][vc_column_inner width=&#8221;1\/2&#8243;][vc_column_text][\/vc_column_text][\/vc_column_inner][\/vc_row_inner][\/vc_column][\/vc_row][vc_row][vc_column][vc_custom_heading text=&#8221;Articles&#8221; font_container=&#8221;tag:h3|text_align:center&#8221; use_theme_fonts=&#8221;yes&#8221; css=&#8221;.vc_custom_1661725229946{margin-top: 30px !important;margin-bottom: 30px !important;}&#8221;][vc_basic_grid post_type=&#8221;post&#8221; max_items=&#8221;-1&#8243; style=&#8221;load-more&#8221; items_per_page=&#8221;3&#8243; element_width=&#8221;12&#8243; item=&#8221;1035&#8243; btn_title=&#8221;Di\u011fer Yaz\u0131lar&#8221; btn_style=&#8221;outline-custom&#8221; btn_outline_custom_color=&#8221;#000282&#8243; btn_outline_custom_hover_background=&#8221;#000282&#8243; btn_outline_custom_hover_text=&#8221;#ffffff&#8221; grid_id=&#8221;vc_gid:1772487720336-c4c4534f-7966-10&#8243; taxonomies=&#8221;63&#8243;][\/vc_column][\/vc_row]<\/p>\n<\/div>","protected":false},"excerpt":{"rendered":"<p>[vc_row uniqid=&#8221;62e298d71a6d3&#8243;][vc_column width=&#8221;5\/12&#8243;][vc_single_image image=&#8221;2593&#8243; img_size=&#8221;full&#8221; css=&#8221;.vc_custom_1772487744351{border-top-width: 1px !important;border-right-width: 1px !important;border-bottom-width: 1px !important;border-left-width: 1px !important;border-left-color: #0a0a0a !important;border-left-style: solid !important;border-right-color: #0a0a0a !important;border-right-style: solid !important;border-top-color: #0a0a0a !important;border-top-style: solid !important;border-bottom-color: #0a0a0a !important;border-bottom-style: solid !important;}&#8221;][\/vc_column][vc_column width=&#8221;7\/12&#8243;][vc_custom_heading text=&#8221;\u015eerafettin \u0130STE&#8221; font_container=&#8221;tag:h1|font_size:45px|text_align:left&#8221; use_theme_fonts=&#8221;yes&#8221;][vc_row_inner][vc_column_inner width=&#8221;8\/12&#8243;][vc_column_text css=&#8221;.vc_custom_1772487757846{margin-bottom: 10px !important;}&#8221;] Consultant [\/vc_column_text][vc_column_text css=&#8221;.vc_custom_1772487770326{margin-bottom: 10px !important;}&#8221;] Email: serafettin@iste-iste.av.tr [\/vc_column_text][\/vc_column_inner][vc_column_inner width=&#8221;1\/12&#8243;][\/vc_column_inner][vc_column_inner width=&#8221;1\/12&#8243;][\/vc_column_inner][vc_column_inner width=&#8221;1\/12&#8243;][\/vc_column_inner][vc_column_inner width=&#8221;1\/12&#8243;][\/vc_column_inner][\/vc_row_inner][vc_column_text] \u015eerafettin \u0130ste graduated from [&hellip;]<\/p>\n","protected":false},"author":1,"featured_media":2593,"parent":0,"menu_order":0,"comment_status":"closed","ping_status":"closed","template":"template-landing.php","meta":{"footnotes":""},"class_list":["post-2605","page","type-page","status-publish","has-post-thumbnail","hentry"],"acf":[],"yoast_head":"<!-- This site is optimized with the Yoast SEO plugin v27.1.1 - https:\/\/yoast.com\/product\/yoast-seo-wordpress\/ -->\n<title>\u015eerafettin \u0130ste | Iste &amp; Iste Law Firm<\/title>\n<meta name=\"description\" content=\"You can find detailed information about Lawyer \u015eerafettin Iste and the content she has prepared on our page.\" \/>\n<meta name=\"robots\" content=\"index, follow, max-snippet:-1, max-image-preview:large, max-video-preview:-1\" \/>\n<link rel=\"canonical\" href=\"https:\/\/www.iste-iste.av.tr\/en\/serafettin-iste\/\" \/>\n<meta property=\"og:locale\" content=\"en_US\" \/>\n<meta property=\"og:type\" content=\"article\" \/>\n<meta property=\"og:title\" content=\"\u015eerafettin \u0130ste | Iste &amp; Iste Law Firm\" \/>\n<meta property=\"og:description\" content=\"You can find detailed information about Lawyer \u015eerafettin Iste and the content she has prepared on our page.\" \/>\n<meta property=\"og:url\" content=\"https:\/\/www.iste-iste.av.tr\/en\/serafettin-iste\/\" \/>\n<meta property=\"og:site_name\" content=\"Iste &amp; Iste Law Firm\" \/>\n<meta property=\"article:publisher\" content=\"https:\/\/www.facebook.com\/profile.php?id=100066488754343\" \/>\n<meta property=\"article:modified_time\" content=\"2026-03-02T21:43:27+00:00\" \/>\n<meta property=\"og:image\" content=\"https:\/\/www.iste-iste.av.tr\/wp-content\/uploads\/2026\/03\/seraffettin-iste-tumb.jpg\" \/>\n\t<meta property=\"og:image:width\" content=\"1024\" \/>\n\t<meta property=\"og:image:height\" content=\"1024\" \/>\n\t<meta property=\"og:image:type\" content=\"image\/jpeg\" \/>\n<meta name=\"twitter:card\" content=\"summary_large_image\" \/>\n<meta name=\"twitter:label1\" content=\"Est. reading time\" \/>\n\t<meta name=\"twitter:data1\" content=\"2 minutes\" \/>\n<script type=\"application\/ld+json\" class=\"yoast-schema-graph\">{\"@context\":\"https:\/\/schema.org\",\"@graph\":[{\"@type\":\"WebPage\",\"@id\":\"https:\/\/www.iste-iste.av.tr\/en\/serafettin-iste\/\",\"url\":\"https:\/\/www.iste-iste.av.tr\/en\/serafettin-iste\/\",\"name\":\"\u015eerafettin \u0130ste | Iste & Iste Law Firm\",\"isPartOf\":{\"@id\":\"https:\/\/www.iste-iste.av.tr\/en\/#website\"},\"primaryImageOfPage\":{\"@id\":\"https:\/\/www.iste-iste.av.tr\/en\/serafettin-iste\/#primaryimage\"},\"image\":{\"@id\":\"https:\/\/www.iste-iste.av.tr\/en\/serafettin-iste\/#primaryimage\"},\"thumbnailUrl\":\"https:\/\/www.iste-iste.av.tr\/wp-content\/uploads\/2026\/03\/seraffettin-iste-tumb.jpg\",\"datePublished\":\"2026-03-02T21:40:24+00:00\",\"dateModified\":\"2026-03-02T21:43:27+00:00\",\"description\":\"You can find detailed information about Lawyer \u015eerafettin Iste and the content she has prepared on our page.\",\"breadcrumb\":{\"@id\":\"https:\/\/www.iste-iste.av.tr\/en\/serafettin-iste\/#breadcrumb\"},\"inLanguage\":\"en-US\",\"potentialAction\":[{\"@type\":\"ReadAction\",\"target\":[\"https:\/\/www.iste-iste.av.tr\/en\/serafettin-iste\/\"]}]},{\"@type\":\"ImageObject\",\"inLanguage\":\"en-US\",\"@id\":\"https:\/\/www.iste-iste.av.tr\/en\/serafettin-iste\/#primaryimage\",\"url\":\"https:\/\/www.iste-iste.av.tr\/wp-content\/uploads\/2026\/03\/seraffettin-iste-tumb.jpg\",\"contentUrl\":\"https:\/\/www.iste-iste.av.tr\/wp-content\/uploads\/2026\/03\/seraffettin-iste-tumb.jpg\",\"width\":1024,\"height\":1024},{\"@type\":\"BreadcrumbList\",\"@id\":\"https:\/\/www.iste-iste.av.tr\/en\/serafettin-iste\/#breadcrumb\",\"itemListElement\":[{\"@type\":\"ListItem\",\"position\":1,\"name\":\"Anasayfa\",\"item\":\"https:\/\/www.iste-iste.av.tr\/en\/\"},{\"@type\":\"ListItem\",\"position\":2,\"name\":\"\u015eerafettin \u0130ste\"}]},{\"@type\":\"WebSite\",\"@id\":\"https:\/\/www.iste-iste.av.tr\/en\/#website\",\"url\":\"https:\/\/www.iste-iste.av.tr\/en\/\",\"name\":\"Iste & Iste Law Firm\",\"description\":\"\",\"publisher\":{\"@id\":\"https:\/\/www.iste-iste.av.tr\/en\/#organization\"},\"potentialAction\":[{\"@type\":\"SearchAction\",\"target\":{\"@type\":\"EntryPoint\",\"urlTemplate\":\"https:\/\/www.iste-iste.av.tr\/en\/?s={search_term_string}\"},\"query-input\":{\"@type\":\"PropertyValueSpecification\",\"valueRequired\":true,\"valueName\":\"search_term_string\"}}],\"inLanguage\":\"en-US\"},{\"@type\":\"Organization\",\"@id\":\"https:\/\/www.iste-iste.av.tr\/en\/#organization\",\"name\":\"Iste & Iste Law Firm\",\"url\":\"https:\/\/www.iste-iste.av.tr\/en\/\",\"logo\":{\"@type\":\"ImageObject\",\"inLanguage\":\"en-US\",\"@id\":\"https:\/\/www.iste-iste.av.tr\/en\/#\/schema\/logo\/image\/\",\"url\":\"https:\/\/www.iste-iste.av.tr\/wp-content\/uploads\/2022\/08\/preload-logo.png\",\"contentUrl\":\"https:\/\/www.iste-iste.av.tr\/wp-content\/uploads\/2022\/08\/preload-logo.png\",\"width\":482,\"height\":141,\"caption\":\"Iste & Iste Law Firm\"},\"image\":{\"@id\":\"https:\/\/www.iste-iste.av.tr\/en\/#\/schema\/logo\/image\/\"},\"sameAs\":[\"https:\/\/www.facebook.com\/profile.php?id=100066488754343\"]}]}<\/script>\n<!-- \/ Yoast SEO plugin. -->","yoast_head_json":{"title":"\u015eerafettin \u0130ste | Iste & Iste Law Firm","description":"You can find detailed information about Lawyer \u015eerafettin Iste and the content she has prepared on our page.","robots":{"index":"index","follow":"follow","max-snippet":"max-snippet:-1","max-image-preview":"max-image-preview:large","max-video-preview":"max-video-preview:-1"},"canonical":"https:\/\/www.iste-iste.av.tr\/en\/serafettin-iste\/","og_locale":"en_US","og_type":"article","og_title":"\u015eerafettin \u0130ste | Iste & Iste Law Firm","og_description":"You can find detailed information about Lawyer \u015eerafettin Iste and the content she has prepared on our page.","og_url":"https:\/\/www.iste-iste.av.tr\/en\/serafettin-iste\/","og_site_name":"Iste & Iste Law Firm","article_publisher":"https:\/\/www.facebook.com\/profile.php?id=100066488754343","article_modified_time":"2026-03-02T21:43:27+00:00","og_image":[{"width":1024,"height":1024,"url":"https:\/\/www.iste-iste.av.tr\/wp-content\/uploads\/2026\/03\/seraffettin-iste-tumb.jpg","type":"image\/jpeg"}],"twitter_card":"summary_large_image","twitter_misc":{"Est. reading time":"2 minutes"},"schema":{"@context":"https:\/\/schema.org","@graph":[{"@type":"WebPage","@id":"https:\/\/www.iste-iste.av.tr\/en\/serafettin-iste\/","url":"https:\/\/www.iste-iste.av.tr\/en\/serafettin-iste\/","name":"\u015eerafettin \u0130ste | Iste & Iste Law Firm","isPartOf":{"@id":"https:\/\/www.iste-iste.av.tr\/en\/#website"},"primaryImageOfPage":{"@id":"https:\/\/www.iste-iste.av.tr\/en\/serafettin-iste\/#primaryimage"},"image":{"@id":"https:\/\/www.iste-iste.av.tr\/en\/serafettin-iste\/#primaryimage"},"thumbnailUrl":"https:\/\/www.iste-iste.av.tr\/wp-content\/uploads\/2026\/03\/seraffettin-iste-tumb.jpg","datePublished":"2026-03-02T21:40:24+00:00","dateModified":"2026-03-02T21:43:27+00:00","description":"You can find detailed information about Lawyer \u015eerafettin Iste and the content she has prepared on our page.","breadcrumb":{"@id":"https:\/\/www.iste-iste.av.tr\/en\/serafettin-iste\/#breadcrumb"},"inLanguage":"en-US","potentialAction":[{"@type":"ReadAction","target":["https:\/\/www.iste-iste.av.tr\/en\/serafettin-iste\/"]}]},{"@type":"ImageObject","inLanguage":"en-US","@id":"https:\/\/www.iste-iste.av.tr\/en\/serafettin-iste\/#primaryimage","url":"https:\/\/www.iste-iste.av.tr\/wp-content\/uploads\/2026\/03\/seraffettin-iste-tumb.jpg","contentUrl":"https:\/\/www.iste-iste.av.tr\/wp-content\/uploads\/2026\/03\/seraffettin-iste-tumb.jpg","width":1024,"height":1024},{"@type":"BreadcrumbList","@id":"https:\/\/www.iste-iste.av.tr\/en\/serafettin-iste\/#breadcrumb","itemListElement":[{"@type":"ListItem","position":1,"name":"Anasayfa","item":"https:\/\/www.iste-iste.av.tr\/en\/"},{"@type":"ListItem","position":2,"name":"\u015eerafettin \u0130ste"}]},{"@type":"WebSite","@id":"https:\/\/www.iste-iste.av.tr\/en\/#website","url":"https:\/\/www.iste-iste.av.tr\/en\/","name":"Iste & Iste Law Firm","description":"","publisher":{"@id":"https:\/\/www.iste-iste.av.tr\/en\/#organization"},"potentialAction":[{"@type":"SearchAction","target":{"@type":"EntryPoint","urlTemplate":"https:\/\/www.iste-iste.av.tr\/en\/?s={search_term_string}"},"query-input":{"@type":"PropertyValueSpecification","valueRequired":true,"valueName":"search_term_string"}}],"inLanguage":"en-US"},{"@type":"Organization","@id":"https:\/\/www.iste-iste.av.tr\/en\/#organization","name":"Iste & Iste Law Firm","url":"https:\/\/www.iste-iste.av.tr\/en\/","logo":{"@type":"ImageObject","inLanguage":"en-US","@id":"https:\/\/www.iste-iste.av.tr\/en\/#\/schema\/logo\/image\/","url":"https:\/\/www.iste-iste.av.tr\/wp-content\/uploads\/2022\/08\/preload-logo.png","contentUrl":"https:\/\/www.iste-iste.av.tr\/wp-content\/uploads\/2022\/08\/preload-logo.png","width":482,"height":141,"caption":"Iste & Iste Law Firm"},"image":{"@id":"https:\/\/www.iste-iste.av.tr\/en\/#\/schema\/logo\/image\/"},"sameAs":["https:\/\/www.facebook.com\/profile.php?id=100066488754343"]}]}},"_links":{"self":[{"href":"https:\/\/www.iste-iste.av.tr\/en\/wp-json\/wp\/v2\/pages\/2605","targetHints":{"allow":["GET"]}}],"collection":[{"href":"https:\/\/www.iste-iste.av.tr\/en\/wp-json\/wp\/v2\/pages"}],"about":[{"href":"https:\/\/www.iste-iste.av.tr\/en\/wp-json\/wp\/v2\/types\/page"}],"author":[{"embeddable":true,"href":"https:\/\/www.iste-iste.av.tr\/en\/wp-json\/wp\/v2\/users\/1"}],"replies":[{"embeddable":true,"href":"https:\/\/www.iste-iste.av.tr\/en\/wp-json\/wp\/v2\/comments?post=2605"}],"version-history":[{"count":0,"href":"https:\/\/www.iste-iste.av.tr\/en\/wp-json\/wp\/v2\/pages\/2605\/revisions"}],"wp:featuredmedia":[{"embeddable":true,"href":"https:\/\/www.iste-iste.av.tr\/en\/wp-json\/wp\/v2\/media\/2593"}],"wp:attachment":[{"href":"https:\/\/www.iste-iste.av.tr\/en\/wp-json\/wp\/v2\/media?parent=2605"}],"curies":[{"name":"wp","href":"https:\/\/api.w.org\/{rel}","templated":true}]}}