{"id":2517,"date":"2026-02-20T01:13:42","date_gmt":"2026-02-19T22:13:42","guid":{"rendered":"https:\/\/www.iste-iste.av.tr\/?page_id=2517"},"modified":"2026-02-20T22:36:15","modified_gmt":"2026-02-20T19:36:15","slug":"hasan-murat-saricoglu","status":"publish","type":"page","link":"https:\/\/www.iste-iste.av.tr\/en\/hasan-murat-saricoglu\/","title":{"rendered":"Hasan Murat Sar\u0131\u00e7o\u011flu"},"content":{"rendered":"<div class=\"wpb-content-wrapper\"><p>[vc_row uniqid=&#8221;62e298d71a6d3&#8243;][vc_column width=&#8221;5\/12&#8243;][vc_single_image image=&#8221;2519&#8243; img_size=&#8221;full&#8221;][\/vc_column][vc_column width=&#8221;7\/12&#8243;][vc_custom_heading text=&#8221;Hasan Murat SARI\u00c7O\u011eLU&#8221; font_container=&#8221;tag:h1|font_size:30px|text_align:left&#8221; use_theme_fonts=&#8221;yes&#8221;][vc_row_inner][vc_column_inner width=&#8221;8\/12&#8243;][vc_column_text css=&#8221;.vc_custom_1771539367649{margin-bottom: 10px !important;}&#8221;]<\/p>\n<p>Attorney at Law, Mediator<\/p>\n<p>[\/vc_column_text][vc_column_text css=&#8221;.vc_custom_1771539354454{margin-bottom: 10px !important;}&#8221;][\/vc_column_text][\/vc_column_inner][vc_column_inner width=&#8221;1\/12&#8243;][\/vc_column_inner][vc_column_inner width=&#8221;1\/12&#8243;][\/vc_column_inner][vc_column_inner width=&#8221;1\/12&#8243;][\/vc_column_inner][vc_column_inner width=&#8221;1\/12&#8243;][\/vc_column_inner][\/vc_row_inner][vc_column_text]<\/p>\n<p>Hasan Murat Sar\u0131\u00e7o\u011flu continues his legal practice as an Attorney at Law at \u0130ste &amp; \u0130ste Law Firm.<\/p>\n<p>He graduated from Trakya University, Faculty of Economics and Administrative Sciences, Department of Business Administration, in 2005, and from Yalova University, Faculty of Law, in 2016. He was admitted to the Istanbul Bar Association in 2017 and has been practicing as an independent attorney since then.<\/p>\n<p>His practice primarily focuses on Commercial Law and Labor Law. In addition to providing legal services, he also serves as a mediator in private law disputes. He holds the title of Certified Specialist Mediator in the fields of Labor Law and Commercial Law.<\/p>\n<p>He is fluent in Turkish and English.<\/p>\n<p>[\/vc_column_text][\/vc_column][\/vc_row]<\/p>\n<\/div>","protected":false},"excerpt":{"rendered":"<p>[vc_row uniqid=&#8221;62e298d71a6d3&#8243;][vc_column width=&#8221;5\/12&#8243;][vc_single_image image=&#8221;2519&#8243; img_size=&#8221;full&#8221;][\/vc_column][vc_column width=&#8221;7\/12&#8243;][vc_custom_heading text=&#8221;Hasan Murat SARI\u00c7O\u011eLU&#8221; font_container=&#8221;tag:h1|font_size:30px|text_align:left&#8221; use_theme_fonts=&#8221;yes&#8221;][vc_row_inner][vc_column_inner width=&#8221;8\/12&#8243;][vc_column_text css=&#8221;.vc_custom_1771539367649{margin-bottom: 10px !important;}&#8221;] Attorney at Law, Mediator [\/vc_column_text][vc_column_text css=&#8221;.vc_custom_1771539354454{margin-bottom: 10px !important;}&#8221;][\/vc_column_text][\/vc_column_inner][vc_column_inner width=&#8221;1\/12&#8243;][\/vc_column_inner][vc_column_inner width=&#8221;1\/12&#8243;][\/vc_column_inner][vc_column_inner width=&#8221;1\/12&#8243;][\/vc_column_inner][vc_column_inner width=&#8221;1\/12&#8243;][\/vc_column_inner][\/vc_row_inner][vc_column_text] Hasan Murat Sar\u0131\u00e7o\u011flu continues his legal practice as an Attorney at Law at \u0130ste &amp; \u0130ste Law Firm. He graduated from Trakya University, Faculty of Economics and Administrative [&hellip;]<\/p>\n","protected":false},"author":1,"featured_media":2519,"parent":0,"menu_order":0,"comment_status":"closed","ping_status":"closed","template":"template-landing.php","meta":{"footnotes":""},"class_list":["post-2517","page","type-page","status-publish","has-post-thumbnail","hentry"],"acf":[],"yoast_head":"<!-- This site is optimized with the Yoast SEO plugin v27.1.1 - https:\/\/yoast.com\/product\/yoast-seo-wordpress\/ -->\n<title>Hasan Murat Sar\u0131\u00e7o\u011flu | Iste &amp; Iste Law Firm<\/title>\n<meta name=\"description\" content=\"You can find detailed information about lawyer Hasan Murat Sar\u0131\u00e7o\u011flu and the content she has prepared on our page.\" \/>\n<meta name=\"robots\" content=\"index, follow, max-snippet:-1, max-image-preview:large, max-video-preview:-1\" \/>\n<link rel=\"canonical\" href=\"https:\/\/www.iste-iste.av.tr\/en\/hasan-murat-saricoglu\/\" \/>\n<meta property=\"og:locale\" content=\"en_US\" \/>\n<meta property=\"og:type\" content=\"article\" \/>\n<meta property=\"og:title\" content=\"Hasan Murat Sar\u0131\u00e7o\u011flu | Iste &amp; Iste Law Firm\" \/>\n<meta property=\"og:description\" content=\"You can find detailed information about lawyer Hasan Murat Sar\u0131\u00e7o\u011flu and the content she has prepared on our page.\" \/>\n<meta property=\"og:url\" content=\"https:\/\/www.iste-iste.av.tr\/en\/hasan-murat-saricoglu\/\" \/>\n<meta property=\"og:site_name\" content=\"Iste &amp; Iste Law Firm\" \/>\n<meta property=\"article:publisher\" content=\"https:\/\/www.facebook.com\/profile.php?id=100066488754343\" \/>\n<meta property=\"article:modified_time\" content=\"2026-02-20T19:36:15+00:00\" \/>\n<meta property=\"og:image\" content=\"https:\/\/www.iste-iste.av.tr\/wp-content\/uploads\/2026\/02\/hasan-murat-saricoglu.jpg\" \/>\n\t<meta property=\"og:image:width\" content=\"457\" \/>\n\t<meta property=\"og:image:height\" content=\"554\" \/>\n\t<meta property=\"og:image:type\" content=\"image\/jpeg\" \/>\n<meta name=\"twitter:card\" content=\"summary_large_image\" \/>\n<meta name=\"twitter:label1\" content=\"Est. reading time\" \/>\n\t<meta name=\"twitter:data1\" content=\"1 minute\" \/>\n<script type=\"application\/ld+json\" class=\"yoast-schema-graph\">{\"@context\":\"https:\/\/schema.org\",\"@graph\":[{\"@type\":\"WebPage\",\"@id\":\"https:\/\/www.iste-iste.av.tr\/en\/hasan-murat-saricoglu\/\",\"url\":\"https:\/\/www.iste-iste.av.tr\/en\/hasan-murat-saricoglu\/\",\"name\":\"Hasan Murat Sar\u0131\u00e7o\u011flu | Iste & Iste Law Firm\",\"isPartOf\":{\"@id\":\"https:\/\/www.iste-iste.av.tr\/en\/#website\"},\"primaryImageOfPage\":{\"@id\":\"https:\/\/www.iste-iste.av.tr\/en\/hasan-murat-saricoglu\/#primaryimage\"},\"image\":{\"@id\":\"https:\/\/www.iste-iste.av.tr\/en\/hasan-murat-saricoglu\/#primaryimage\"},\"thumbnailUrl\":\"https:\/\/www.iste-iste.av.tr\/wp-content\/uploads\/2026\/02\/hasan-murat-saricoglu.jpg\",\"datePublished\":\"2026-02-19T22:13:42+00:00\",\"dateModified\":\"2026-02-20T19:36:15+00:00\",\"description\":\"You can find detailed information about lawyer Hasan Murat Sar\u0131\u00e7o\u011flu and the content she has prepared on our page.\",\"breadcrumb\":{\"@id\":\"https:\/\/www.iste-iste.av.tr\/en\/hasan-murat-saricoglu\/#breadcrumb\"},\"inLanguage\":\"en-US\",\"potentialAction\":[{\"@type\":\"ReadAction\",\"target\":[\"https:\/\/www.iste-iste.av.tr\/en\/hasan-murat-saricoglu\/\"]}]},{\"@type\":\"ImageObject\",\"inLanguage\":\"en-US\",\"@id\":\"https:\/\/www.iste-iste.av.tr\/en\/hasan-murat-saricoglu\/#primaryimage\",\"url\":\"https:\/\/www.iste-iste.av.tr\/wp-content\/uploads\/2026\/02\/hasan-murat-saricoglu.jpg\",\"contentUrl\":\"https:\/\/www.iste-iste.av.tr\/wp-content\/uploads\/2026\/02\/hasan-murat-saricoglu.jpg\",\"width\":457,\"height\":554},{\"@type\":\"BreadcrumbList\",\"@id\":\"https:\/\/www.iste-iste.av.tr\/en\/hasan-murat-saricoglu\/#breadcrumb\",\"itemListElement\":[{\"@type\":\"ListItem\",\"position\":1,\"name\":\"Anasayfa\",\"item\":\"https:\/\/www.iste-iste.av.tr\/en\/\"},{\"@type\":\"ListItem\",\"position\":2,\"name\":\"Hasan Murat Sar\u0131\u00e7o\u011flu\"}]},{\"@type\":\"WebSite\",\"@id\":\"https:\/\/www.iste-iste.av.tr\/en\/#website\",\"url\":\"https:\/\/www.iste-iste.av.tr\/en\/\",\"name\":\"Iste & Iste Law Firm\",\"description\":\"\",\"publisher\":{\"@id\":\"https:\/\/www.iste-iste.av.tr\/en\/#organization\"},\"potentialAction\":[{\"@type\":\"SearchAction\",\"target\":{\"@type\":\"EntryPoint\",\"urlTemplate\":\"https:\/\/www.iste-iste.av.tr\/en\/?s={search_term_string}\"},\"query-input\":{\"@type\":\"PropertyValueSpecification\",\"valueRequired\":true,\"valueName\":\"search_term_string\"}}],\"inLanguage\":\"en-US\"},{\"@type\":\"Organization\",\"@id\":\"https:\/\/www.iste-iste.av.tr\/en\/#organization\",\"name\":\"Iste & Iste Law Firm\",\"url\":\"https:\/\/www.iste-iste.av.tr\/en\/\",\"logo\":{\"@type\":\"ImageObject\",\"inLanguage\":\"en-US\",\"@id\":\"https:\/\/www.iste-iste.av.tr\/en\/#\/schema\/logo\/image\/\",\"url\":\"https:\/\/www.iste-iste.av.tr\/wp-content\/uploads\/2022\/08\/preload-logo.png\",\"contentUrl\":\"https:\/\/www.iste-iste.av.tr\/wp-content\/uploads\/2022\/08\/preload-logo.png\",\"width\":482,\"height\":141,\"caption\":\"Iste & Iste Law Firm\"},\"image\":{\"@id\":\"https:\/\/www.iste-iste.av.tr\/en\/#\/schema\/logo\/image\/\"},\"sameAs\":[\"https:\/\/www.facebook.com\/profile.php?id=100066488754343\"]}]}<\/script>\n<!-- \/ Yoast SEO plugin. -->","yoast_head_json":{"title":"Hasan Murat Sar\u0131\u00e7o\u011flu | Iste & Iste Law Firm","description":"You can find detailed information about lawyer Hasan Murat Sar\u0131\u00e7o\u011flu and the content she has prepared on our page.","robots":{"index":"index","follow":"follow","max-snippet":"max-snippet:-1","max-image-preview":"max-image-preview:large","max-video-preview":"max-video-preview:-1"},"canonical":"https:\/\/www.iste-iste.av.tr\/en\/hasan-murat-saricoglu\/","og_locale":"en_US","og_type":"article","og_title":"Hasan Murat Sar\u0131\u00e7o\u011flu | Iste & Iste Law Firm","og_description":"You can find detailed information about lawyer Hasan Murat Sar\u0131\u00e7o\u011flu and the content she has prepared on our page.","og_url":"https:\/\/www.iste-iste.av.tr\/en\/hasan-murat-saricoglu\/","og_site_name":"Iste & Iste Law Firm","article_publisher":"https:\/\/www.facebook.com\/profile.php?id=100066488754343","article_modified_time":"2026-02-20T19:36:15+00:00","og_image":[{"width":457,"height":554,"url":"https:\/\/www.iste-iste.av.tr\/wp-content\/uploads\/2026\/02\/hasan-murat-saricoglu.jpg","type":"image\/jpeg"}],"twitter_card":"summary_large_image","twitter_misc":{"Est. reading time":"1 minute"},"schema":{"@context":"https:\/\/schema.org","@graph":[{"@type":"WebPage","@id":"https:\/\/www.iste-iste.av.tr\/en\/hasan-murat-saricoglu\/","url":"https:\/\/www.iste-iste.av.tr\/en\/hasan-murat-saricoglu\/","name":"Hasan Murat Sar\u0131\u00e7o\u011flu | Iste & Iste Law Firm","isPartOf":{"@id":"https:\/\/www.iste-iste.av.tr\/en\/#website"},"primaryImageOfPage":{"@id":"https:\/\/www.iste-iste.av.tr\/en\/hasan-murat-saricoglu\/#primaryimage"},"image":{"@id":"https:\/\/www.iste-iste.av.tr\/en\/hasan-murat-saricoglu\/#primaryimage"},"thumbnailUrl":"https:\/\/www.iste-iste.av.tr\/wp-content\/uploads\/2026\/02\/hasan-murat-saricoglu.jpg","datePublished":"2026-02-19T22:13:42+00:00","dateModified":"2026-02-20T19:36:15+00:00","description":"You can find detailed information about lawyer Hasan Murat Sar\u0131\u00e7o\u011flu and the content she has prepared on our page.","breadcrumb":{"@id":"https:\/\/www.iste-iste.av.tr\/en\/hasan-murat-saricoglu\/#breadcrumb"},"inLanguage":"en-US","potentialAction":[{"@type":"ReadAction","target":["https:\/\/www.iste-iste.av.tr\/en\/hasan-murat-saricoglu\/"]}]},{"@type":"ImageObject","inLanguage":"en-US","@id":"https:\/\/www.iste-iste.av.tr\/en\/hasan-murat-saricoglu\/#primaryimage","url":"https:\/\/www.iste-iste.av.tr\/wp-content\/uploads\/2026\/02\/hasan-murat-saricoglu.jpg","contentUrl":"https:\/\/www.iste-iste.av.tr\/wp-content\/uploads\/2026\/02\/hasan-murat-saricoglu.jpg","width":457,"height":554},{"@type":"BreadcrumbList","@id":"https:\/\/www.iste-iste.av.tr\/en\/hasan-murat-saricoglu\/#breadcrumb","itemListElement":[{"@type":"ListItem","position":1,"name":"Anasayfa","item":"https:\/\/www.iste-iste.av.tr\/en\/"},{"@type":"ListItem","position":2,"name":"Hasan Murat Sar\u0131\u00e7o\u011flu"}]},{"@type":"WebSite","@id":"https:\/\/www.iste-iste.av.tr\/en\/#website","url":"https:\/\/www.iste-iste.av.tr\/en\/","name":"Iste & Iste Law Firm","description":"","publisher":{"@id":"https:\/\/www.iste-iste.av.tr\/en\/#organization"},"potentialAction":[{"@type":"SearchAction","target":{"@type":"EntryPoint","urlTemplate":"https:\/\/www.iste-iste.av.tr\/en\/?s={search_term_string}"},"query-input":{"@type":"PropertyValueSpecification","valueRequired":true,"valueName":"search_term_string"}}],"inLanguage":"en-US"},{"@type":"Organization","@id":"https:\/\/www.iste-iste.av.tr\/en\/#organization","name":"Iste & Iste Law Firm","url":"https:\/\/www.iste-iste.av.tr\/en\/","logo":{"@type":"ImageObject","inLanguage":"en-US","@id":"https:\/\/www.iste-iste.av.tr\/en\/#\/schema\/logo\/image\/","url":"https:\/\/www.iste-iste.av.tr\/wp-content\/uploads\/2022\/08\/preload-logo.png","contentUrl":"https:\/\/www.iste-iste.av.tr\/wp-content\/uploads\/2022\/08\/preload-logo.png","width":482,"height":141,"caption":"Iste & Iste Law Firm"},"image":{"@id":"https:\/\/www.iste-iste.av.tr\/en\/#\/schema\/logo\/image\/"},"sameAs":["https:\/\/www.facebook.com\/profile.php?id=100066488754343"]}]}},"_links":{"self":[{"href":"https:\/\/www.iste-iste.av.tr\/en\/wp-json\/wp\/v2\/pages\/2517","targetHints":{"allow":["GET"]}}],"collection":[{"href":"https:\/\/www.iste-iste.av.tr\/en\/wp-json\/wp\/v2\/pages"}],"about":[{"href":"https:\/\/www.iste-iste.av.tr\/en\/wp-json\/wp\/v2\/types\/page"}],"author":[{"embeddable":true,"href":"https:\/\/www.iste-iste.av.tr\/en\/wp-json\/wp\/v2\/users\/1"}],"replies":[{"embeddable":true,"href":"https:\/\/www.iste-iste.av.tr\/en\/wp-json\/wp\/v2\/comments?post=2517"}],"version-history":[{"count":0,"href":"https:\/\/www.iste-iste.av.tr\/en\/wp-json\/wp\/v2\/pages\/2517\/revisions"}],"wp:featuredmedia":[{"embeddable":true,"href":"https:\/\/www.iste-iste.av.tr\/en\/wp-json\/wp\/v2\/media\/2519"}],"wp:attachment":[{"href":"https:\/\/www.iste-iste.av.tr\/en\/wp-json\/wp\/v2\/media?parent=2517"}],"curies":[{"name":"wp","href":"https:\/\/api.w.org\/{rel}","templated":true}]}}