{"id":2511,"date":"2026-02-20T00:58:34","date_gmt":"2026-02-19T21:58:34","guid":{"rendered":"https:\/\/www.iste-iste.av.tr\/?page_id=2511"},"modified":"2026-02-20T01:00:32","modified_gmt":"2026-02-19T22:00:32","slug":"gokhan-isil","status":"publish","type":"page","link":"https:\/\/www.iste-iste.av.tr\/en\/gokhan-isil\/","title":{"rendered":"G\u00f6khan I\u015f\u0131l"},"content":{"rendered":"<div class=\"wpb-content-wrapper\"><p>[vc_row uniqid=&#8221;62e298d71a6d3&#8243;][vc_column width=&#8221;5\/12&#8243;][vc_single_image image=&#8221;2513&#8243; img_size=&#8221;full&#8221;][\/vc_column][vc_column width=&#8221;7\/12&#8243;][vc_custom_heading text=&#8221;Assoc. Prof. Dr. G\u00f6khan I\u015f\u0131l&#8221; font_container=&#8221;tag:h1|font_size:30px|text_align:left&#8221; use_theme_fonts=&#8221;yes&#8221;][vc_row_inner][vc_column_inner width=&#8221;8\/12&#8243;][vc_column_text css=&#8221;.vc_custom_1771538409173{margin-bottom: 10px !important;}&#8221;]<\/p>\n<p>Expert in Financial Regulation and Banking<\/p>\n<p>[\/vc_column_text][vc_column_text css=&#8221;.vc_custom_1771538414504{margin-bottom: 10px !important;}&#8221;][\/vc_column_text][\/vc_column_inner][vc_column_inner width=&#8221;1\/12&#8243;][\/vc_column_inner][vc_column_inner width=&#8221;1\/12&#8243;][\/vc_column_inner][vc_column_inner width=&#8221;1\/12&#8243;][\/vc_column_inner][vc_column_inner width=&#8221;1\/12&#8243;][\/vc_column_inner][\/vc_row_inner][vc_column_text]<\/p>\n<p>G\u00f6khan I\u015f\u0131l completed his undergraduate studies in Public Finance at Karadeniz Technical University, and his master\u2019s and doctoral degrees at Marmara University, Institute of Banking and Insurance, Department of Banking.<\/p>\n<p>He began his academic career at Marmara University in 2001 as a Research Assistant and has been serving as an Associate Professor at the same institution since 2018.<\/p>\n<p>His main fields of expertise include financial regulation, central banking, financial markets, investment firms, structural analysis of the banking sector, crypto-assets, and blockchain technologies. He has published articles and book chapters in internationally peer-reviewed journals and continues to serve as a member of editorial boards and as a reviewer for various academic journals.<\/p>\n<p>[\/vc_column_text][\/vc_column][\/vc_row]<\/p>\n<\/div>","protected":false},"excerpt":{"rendered":"<p>[vc_row uniqid=&#8221;62e298d71a6d3&#8243;][vc_column width=&#8221;5\/12&#8243;][vc_single_image image=&#8221;2513&#8243; img_size=&#8221;full&#8221;][\/vc_column][vc_column width=&#8221;7\/12&#8243;][vc_custom_heading text=&#8221;Assoc. Prof. Dr. G\u00f6khan I\u015f\u0131l&#8221; font_container=&#8221;tag:h1|font_size:30px|text_align:left&#8221; use_theme_fonts=&#8221;yes&#8221;][vc_row_inner][vc_column_inner width=&#8221;8\/12&#8243;][vc_column_text css=&#8221;.vc_custom_1771538409173{margin-bottom: 10px !important;}&#8221;] Expert in Financial Regulation and Banking [\/vc_column_text][vc_column_text css=&#8221;.vc_custom_1771538414504{margin-bottom: 10px !important;}&#8221;][\/vc_column_text][\/vc_column_inner][vc_column_inner width=&#8221;1\/12&#8243;][\/vc_column_inner][vc_column_inner width=&#8221;1\/12&#8243;][\/vc_column_inner][vc_column_inner width=&#8221;1\/12&#8243;][\/vc_column_inner][vc_column_inner width=&#8221;1\/12&#8243;][\/vc_column_inner][\/vc_row_inner][vc_column_text] G\u00f6khan I\u015f\u0131l completed his undergraduate studies in Public Finance at Karadeniz Technical University, and his master\u2019s and doctoral degrees at Marmara University, Institute of [&hellip;]<\/p>\n","protected":false},"author":1,"featured_media":2513,"parent":0,"menu_order":0,"comment_status":"closed","ping_status":"closed","template":"template-landing.php","meta":{"footnotes":""},"class_list":["post-2511","page","type-page","status-publish","has-post-thumbnail","hentry"],"acf":[],"yoast_head":"<!-- This site is optimized with the Yoast SEO plugin v27.1.1 - https:\/\/yoast.com\/product\/yoast-seo-wordpress\/ -->\n<title>G\u00f6khan I\u015f\u0131l | Iste &amp; Iste Law Firm<\/title>\n<meta name=\"description\" content=\"You can find detailed information about lawyer Cansu \u0130ste-Arlano\u011flu and the content she has prepared on our page.\" \/>\n<meta name=\"robots\" content=\"index, follow, max-snippet:-1, max-image-preview:large, max-video-preview:-1\" \/>\n<link rel=\"canonical\" href=\"https:\/\/www.iste-iste.av.tr\/en\/gokhan-isil\/\" \/>\n<meta property=\"og:locale\" content=\"en_US\" \/>\n<meta property=\"og:type\" content=\"article\" \/>\n<meta property=\"og:title\" content=\"G\u00f6khan I\u015f\u0131l | Iste &amp; Iste Law Firm\" \/>\n<meta property=\"og:description\" content=\"You can find detailed information about lawyer Cansu \u0130ste-Arlano\u011flu and the content she has prepared on our page.\" \/>\n<meta property=\"og:url\" content=\"https:\/\/www.iste-iste.av.tr\/en\/gokhan-isil\/\" \/>\n<meta property=\"og:site_name\" content=\"Iste &amp; Iste Law Firm\" \/>\n<meta property=\"article:publisher\" content=\"https:\/\/www.facebook.com\/profile.php?id=100066488754343\" \/>\n<meta property=\"article:modified_time\" content=\"2026-02-19T22:00:32+00:00\" \/>\n<meta property=\"og:image\" content=\"https:\/\/www.iste-iste.av.tr\/wp-content\/uploads\/2026\/02\/gokhan-isil.jpg\" \/>\n\t<meta property=\"og:image:width\" content=\"457\" \/>\n\t<meta property=\"og:image:height\" content=\"554\" \/>\n\t<meta property=\"og:image:type\" content=\"image\/jpeg\" \/>\n<meta name=\"twitter:card\" content=\"summary_large_image\" \/>\n<meta name=\"twitter:label1\" content=\"Est. reading time\" \/>\n\t<meta name=\"twitter:data1\" content=\"1 minute\" \/>\n<script type=\"application\/ld+json\" class=\"yoast-schema-graph\">{\"@context\":\"https:\/\/schema.org\",\"@graph\":[{\"@type\":\"WebPage\",\"@id\":\"https:\/\/www.iste-iste.av.tr\/en\/gokhan-isil\/\",\"url\":\"https:\/\/www.iste-iste.av.tr\/en\/gokhan-isil\/\",\"name\":\"G\u00f6khan I\u015f\u0131l | Iste & Iste Law Firm\",\"isPartOf\":{\"@id\":\"https:\/\/www.iste-iste.av.tr\/en\/#website\"},\"primaryImageOfPage\":{\"@id\":\"https:\/\/www.iste-iste.av.tr\/en\/gokhan-isil\/#primaryimage\"},\"image\":{\"@id\":\"https:\/\/www.iste-iste.av.tr\/en\/gokhan-isil\/#primaryimage\"},\"thumbnailUrl\":\"https:\/\/www.iste-iste.av.tr\/wp-content\/uploads\/2026\/02\/gokhan-isil.jpg\",\"datePublished\":\"2026-02-19T21:58:34+00:00\",\"dateModified\":\"2026-02-19T22:00:32+00:00\",\"description\":\"You can find detailed information about lawyer Cansu \u0130ste-Arlano\u011flu and the content she has prepared on our page.\",\"breadcrumb\":{\"@id\":\"https:\/\/www.iste-iste.av.tr\/en\/gokhan-isil\/#breadcrumb\"},\"inLanguage\":\"en-US\",\"potentialAction\":[{\"@type\":\"ReadAction\",\"target\":[\"https:\/\/www.iste-iste.av.tr\/en\/gokhan-isil\/\"]}]},{\"@type\":\"ImageObject\",\"inLanguage\":\"en-US\",\"@id\":\"https:\/\/www.iste-iste.av.tr\/en\/gokhan-isil\/#primaryimage\",\"url\":\"https:\/\/www.iste-iste.av.tr\/wp-content\/uploads\/2026\/02\/gokhan-isil.jpg\",\"contentUrl\":\"https:\/\/www.iste-iste.av.tr\/wp-content\/uploads\/2026\/02\/gokhan-isil.jpg\",\"width\":457,\"height\":554},{\"@type\":\"BreadcrumbList\",\"@id\":\"https:\/\/www.iste-iste.av.tr\/en\/gokhan-isil\/#breadcrumb\",\"itemListElement\":[{\"@type\":\"ListItem\",\"position\":1,\"name\":\"Anasayfa\",\"item\":\"https:\/\/www.iste-iste.av.tr\/en\/\"},{\"@type\":\"ListItem\",\"position\":2,\"name\":\"G\u00f6khan I\u015f\u0131l\"}]},{\"@type\":\"WebSite\",\"@id\":\"https:\/\/www.iste-iste.av.tr\/en\/#website\",\"url\":\"https:\/\/www.iste-iste.av.tr\/en\/\",\"name\":\"Iste & Iste Law Firm\",\"description\":\"\",\"publisher\":{\"@id\":\"https:\/\/www.iste-iste.av.tr\/en\/#organization\"},\"potentialAction\":[{\"@type\":\"SearchAction\",\"target\":{\"@type\":\"EntryPoint\",\"urlTemplate\":\"https:\/\/www.iste-iste.av.tr\/en\/?s={search_term_string}\"},\"query-input\":{\"@type\":\"PropertyValueSpecification\",\"valueRequired\":true,\"valueName\":\"search_term_string\"}}],\"inLanguage\":\"en-US\"},{\"@type\":\"Organization\",\"@id\":\"https:\/\/www.iste-iste.av.tr\/en\/#organization\",\"name\":\"Iste & Iste Law Firm\",\"url\":\"https:\/\/www.iste-iste.av.tr\/en\/\",\"logo\":{\"@type\":\"ImageObject\",\"inLanguage\":\"en-US\",\"@id\":\"https:\/\/www.iste-iste.av.tr\/en\/#\/schema\/logo\/image\/\",\"url\":\"https:\/\/www.iste-iste.av.tr\/wp-content\/uploads\/2022\/08\/preload-logo.png\",\"contentUrl\":\"https:\/\/www.iste-iste.av.tr\/wp-content\/uploads\/2022\/08\/preload-logo.png\",\"width\":482,\"height\":141,\"caption\":\"Iste & Iste Law Firm\"},\"image\":{\"@id\":\"https:\/\/www.iste-iste.av.tr\/en\/#\/schema\/logo\/image\/\"},\"sameAs\":[\"https:\/\/www.facebook.com\/profile.php?id=100066488754343\"]}]}<\/script>\n<!-- \/ Yoast SEO plugin. -->","yoast_head_json":{"title":"G\u00f6khan I\u015f\u0131l | Iste & Iste Law Firm","description":"You can find detailed information about lawyer Cansu \u0130ste-Arlano\u011flu and the content she has prepared on our page.","robots":{"index":"index","follow":"follow","max-snippet":"max-snippet:-1","max-image-preview":"max-image-preview:large","max-video-preview":"max-video-preview:-1"},"canonical":"https:\/\/www.iste-iste.av.tr\/en\/gokhan-isil\/","og_locale":"en_US","og_type":"article","og_title":"G\u00f6khan I\u015f\u0131l | Iste & Iste Law Firm","og_description":"You can find detailed information about lawyer Cansu \u0130ste-Arlano\u011flu and the content she has prepared on our page.","og_url":"https:\/\/www.iste-iste.av.tr\/en\/gokhan-isil\/","og_site_name":"Iste & Iste Law Firm","article_publisher":"https:\/\/www.facebook.com\/profile.php?id=100066488754343","article_modified_time":"2026-02-19T22:00:32+00:00","og_image":[{"width":457,"height":554,"url":"https:\/\/www.iste-iste.av.tr\/wp-content\/uploads\/2026\/02\/gokhan-isil.jpg","type":"image\/jpeg"}],"twitter_card":"summary_large_image","twitter_misc":{"Est. reading time":"1 minute"},"schema":{"@context":"https:\/\/schema.org","@graph":[{"@type":"WebPage","@id":"https:\/\/www.iste-iste.av.tr\/en\/gokhan-isil\/","url":"https:\/\/www.iste-iste.av.tr\/en\/gokhan-isil\/","name":"G\u00f6khan I\u015f\u0131l | Iste & Iste Law Firm","isPartOf":{"@id":"https:\/\/www.iste-iste.av.tr\/en\/#website"},"primaryImageOfPage":{"@id":"https:\/\/www.iste-iste.av.tr\/en\/gokhan-isil\/#primaryimage"},"image":{"@id":"https:\/\/www.iste-iste.av.tr\/en\/gokhan-isil\/#primaryimage"},"thumbnailUrl":"https:\/\/www.iste-iste.av.tr\/wp-content\/uploads\/2026\/02\/gokhan-isil.jpg","datePublished":"2026-02-19T21:58:34+00:00","dateModified":"2026-02-19T22:00:32+00:00","description":"You can find detailed information about lawyer Cansu \u0130ste-Arlano\u011flu and the content she has prepared on our page.","breadcrumb":{"@id":"https:\/\/www.iste-iste.av.tr\/en\/gokhan-isil\/#breadcrumb"},"inLanguage":"en-US","potentialAction":[{"@type":"ReadAction","target":["https:\/\/www.iste-iste.av.tr\/en\/gokhan-isil\/"]}]},{"@type":"ImageObject","inLanguage":"en-US","@id":"https:\/\/www.iste-iste.av.tr\/en\/gokhan-isil\/#primaryimage","url":"https:\/\/www.iste-iste.av.tr\/wp-content\/uploads\/2026\/02\/gokhan-isil.jpg","contentUrl":"https:\/\/www.iste-iste.av.tr\/wp-content\/uploads\/2026\/02\/gokhan-isil.jpg","width":457,"height":554},{"@type":"BreadcrumbList","@id":"https:\/\/www.iste-iste.av.tr\/en\/gokhan-isil\/#breadcrumb","itemListElement":[{"@type":"ListItem","position":1,"name":"Anasayfa","item":"https:\/\/www.iste-iste.av.tr\/en\/"},{"@type":"ListItem","position":2,"name":"G\u00f6khan I\u015f\u0131l"}]},{"@type":"WebSite","@id":"https:\/\/www.iste-iste.av.tr\/en\/#website","url":"https:\/\/www.iste-iste.av.tr\/en\/","name":"Iste & Iste Law Firm","description":"","publisher":{"@id":"https:\/\/www.iste-iste.av.tr\/en\/#organization"},"potentialAction":[{"@type":"SearchAction","target":{"@type":"EntryPoint","urlTemplate":"https:\/\/www.iste-iste.av.tr\/en\/?s={search_term_string}"},"query-input":{"@type":"PropertyValueSpecification","valueRequired":true,"valueName":"search_term_string"}}],"inLanguage":"en-US"},{"@type":"Organization","@id":"https:\/\/www.iste-iste.av.tr\/en\/#organization","name":"Iste & Iste Law Firm","url":"https:\/\/www.iste-iste.av.tr\/en\/","logo":{"@type":"ImageObject","inLanguage":"en-US","@id":"https:\/\/www.iste-iste.av.tr\/en\/#\/schema\/logo\/image\/","url":"https:\/\/www.iste-iste.av.tr\/wp-content\/uploads\/2022\/08\/preload-logo.png","contentUrl":"https:\/\/www.iste-iste.av.tr\/wp-content\/uploads\/2022\/08\/preload-logo.png","width":482,"height":141,"caption":"Iste & Iste Law Firm"},"image":{"@id":"https:\/\/www.iste-iste.av.tr\/en\/#\/schema\/logo\/image\/"},"sameAs":["https:\/\/www.facebook.com\/profile.php?id=100066488754343"]}]}},"_links":{"self":[{"href":"https:\/\/www.iste-iste.av.tr\/en\/wp-json\/wp\/v2\/pages\/2511","targetHints":{"allow":["GET"]}}],"collection":[{"href":"https:\/\/www.iste-iste.av.tr\/en\/wp-json\/wp\/v2\/pages"}],"about":[{"href":"https:\/\/www.iste-iste.av.tr\/en\/wp-json\/wp\/v2\/types\/page"}],"author":[{"embeddable":true,"href":"https:\/\/www.iste-iste.av.tr\/en\/wp-json\/wp\/v2\/users\/1"}],"replies":[{"embeddable":true,"href":"https:\/\/www.iste-iste.av.tr\/en\/wp-json\/wp\/v2\/comments?post=2511"}],"version-history":[{"count":0,"href":"https:\/\/www.iste-iste.av.tr\/en\/wp-json\/wp\/v2\/pages\/2511\/revisions"}],"wp:featuredmedia":[{"embeddable":true,"href":"https:\/\/www.iste-iste.av.tr\/en\/wp-json\/wp\/v2\/media\/2513"}],"wp:attachment":[{"href":"https:\/\/www.iste-iste.av.tr\/en\/wp-json\/wp\/v2\/media?parent=2511"}],"curies":[{"name":"wp","href":"https:\/\/api.w.org\/{rel}","templated":true}]}}