{"id":2493,"date":"2026-02-20T00:21:48","date_gmt":"2026-02-19T21:21:48","guid":{"rendered":"https:\/\/www.iste-iste.av.tr\/?page_id=2493"},"modified":"2026-02-20T00:26:47","modified_gmt":"2026-02-19T21:26:47","slug":"ata-can-bektas","status":"publish","type":"page","link":"https:\/\/www.iste-iste.av.tr\/en\/ata-can-bektas\/","title":{"rendered":"Ata Can Bekta\u015f"},"content":{"rendered":"<div class=\"wpb-content-wrapper\"><p>[vc_row uniqid=&#8221;62e298d71a6d3&#8243;][vc_column width=&#8221;5\/12&#8243;][vc_single_image image=&#8221;2495&#8243; img_size=&#8221;full&#8221;][\/vc_column][vc_column width=&#8221;7\/12&#8243;][vc_custom_heading text=&#8221;Ata Can BEKTA\u015e&#8221; font_container=&#8221;tag:h1|font_size:30px|text_align:left&#8221; use_theme_fonts=&#8221;yes&#8221;][vc_row_inner][vc_column_inner width=&#8221;8\/12&#8243;][vc_column_text css=&#8221;.vc_custom_1771536297390{margin-bottom: 10px !important;}&#8221;]<\/p>\n<p>Attorney at Law \/ Business Partner<\/p>\n<p>[\/vc_column_text][vc_column_text css=&#8221;.vc_custom_1771536393814{margin-bottom: 10px !important;}&#8221;][\/vc_column_text][\/vc_column_inner][vc_column_inner width=&#8221;1\/12&#8243;][\/vc_column_inner][vc_column_inner width=&#8221;1\/12&#8243;][\/vc_column_inner][vc_column_inner width=&#8221;1\/12&#8243;][\/vc_column_inner][vc_column_inner width=&#8221;1\/12&#8243;][\/vc_column_inner][\/vc_row_inner][vc_column_text]<\/p>\n<p>Ata Can Bekta\u015f has been a Partner at \u0130ste &amp; \u0130ste Law Firm since 2025. He graduated from Istanbul Commerce University, Faculty of Law, in 2009 and completed his legal traineeship in 2010. Since then, he has been practicing as an attorney at law.<\/p>\n<p>His practice mainly focuses on private law, where he provides legal consultancy to companies operating in various sectors. His primary areas of expertise include Corporate Law, Insurance Law, and Inheritance Law.<\/p>\n<p>Beyond his legal practice, he actively participates in national and international road races, contributing to social responsibility initiatives and sports communities. He is an active member of the Istanbul Bar Association\u2019s rowing team and running group. Yachting is among his particular areas of interest.<\/p>\n<p>He is a Congress Member of Fenerbah\u00e7e Sports Club and holds active memberships in various charitable organizations and associations.<\/p>\n<p>He is fluent in Turkish and English.<\/p>\n<p>[\/vc_column_text][\/vc_column][\/vc_row]<\/p>\n<\/div>","protected":false},"excerpt":{"rendered":"<p>[vc_row uniqid=&#8221;62e298d71a6d3&#8243;][vc_column width=&#8221;5\/12&#8243;][vc_single_image image=&#8221;2495&#8243; img_size=&#8221;full&#8221;][\/vc_column][vc_column width=&#8221;7\/12&#8243;][vc_custom_heading text=&#8221;Ata Can BEKTA\u015e&#8221; font_container=&#8221;tag:h1|font_size:30px|text_align:left&#8221; use_theme_fonts=&#8221;yes&#8221;][vc_row_inner][vc_column_inner width=&#8221;8\/12&#8243;][vc_column_text css=&#8221;.vc_custom_1771536297390{margin-bottom: 10px !important;}&#8221;] Attorney at Law \/ Business Partner [\/vc_column_text][vc_column_text css=&#8221;.vc_custom_1771536393814{margin-bottom: 10px !important;}&#8221;][\/vc_column_text][\/vc_column_inner][vc_column_inner width=&#8221;1\/12&#8243;][\/vc_column_inner][vc_column_inner width=&#8221;1\/12&#8243;][\/vc_column_inner][vc_column_inner width=&#8221;1\/12&#8243;][\/vc_column_inner][vc_column_inner width=&#8221;1\/12&#8243;][\/vc_column_inner][\/vc_row_inner][vc_column_text] Ata Can Bekta\u015f has been a Partner at \u0130ste &amp; \u0130ste Law Firm since 2025. He graduated from Istanbul Commerce University, Faculty of Law, in 2009 [&hellip;]<\/p>\n","protected":false},"author":1,"featured_media":2495,"parent":0,"menu_order":0,"comment_status":"closed","ping_status":"closed","template":"template-landing.php","meta":{"footnotes":""},"class_list":["post-2493","page","type-page","status-publish","has-post-thumbnail","hentry"],"acf":[],"yoast_head":"<!-- This site is optimized with the Yoast SEO plugin v27.1.1 - https:\/\/yoast.com\/product\/yoast-seo-wordpress\/ -->\n<title>Ata Can Bekta\u015f | Iste &amp; Iste Law Firm<\/title>\n<meta name=\"description\" content=\"You can find detailed information about lawyer Ata Can Bekta\u015f and the content she has prepared on our page.\" \/>\n<meta name=\"robots\" content=\"index, follow, max-snippet:-1, max-image-preview:large, max-video-preview:-1\" \/>\n<link rel=\"canonical\" href=\"https:\/\/www.iste-iste.av.tr\/en\/ata-can-bektas\/\" \/>\n<meta property=\"og:locale\" content=\"en_US\" \/>\n<meta property=\"og:type\" content=\"article\" \/>\n<meta property=\"og:title\" content=\"Ata Can Bekta\u015f | Iste &amp; Iste Law Firm\" \/>\n<meta property=\"og:description\" content=\"You can find detailed information about lawyer Ata Can Bekta\u015f and the content she has prepared on our page.\" \/>\n<meta property=\"og:url\" content=\"https:\/\/www.iste-iste.av.tr\/en\/ata-can-bektas\/\" \/>\n<meta property=\"og:site_name\" content=\"Iste &amp; Iste Law Firm\" \/>\n<meta property=\"article:publisher\" content=\"https:\/\/www.facebook.com\/profile.php?id=100066488754343\" \/>\n<meta property=\"article:modified_time\" content=\"2026-02-19T21:26:47+00:00\" \/>\n<meta property=\"og:image\" content=\"https:\/\/www.iste-iste.av.tr\/wp-content\/uploads\/2026\/02\/ata-can-bektas.jpg\" \/>\n\t<meta property=\"og:image:width\" content=\"457\" \/>\n\t<meta property=\"og:image:height\" content=\"554\" \/>\n\t<meta property=\"og:image:type\" content=\"image\/jpeg\" \/>\n<meta name=\"twitter:card\" content=\"summary_large_image\" \/>\n<meta name=\"twitter:label1\" content=\"Est. reading time\" \/>\n\t<meta name=\"twitter:data1\" content=\"2 minutes\" \/>\n<script type=\"application\/ld+json\" class=\"yoast-schema-graph\">{\"@context\":\"https:\/\/schema.org\",\"@graph\":[{\"@type\":\"WebPage\",\"@id\":\"https:\/\/www.iste-iste.av.tr\/en\/ata-can-bektas\/\",\"url\":\"https:\/\/www.iste-iste.av.tr\/en\/ata-can-bektas\/\",\"name\":\"Ata Can Bekta\u015f | Iste & Iste Law Firm\",\"isPartOf\":{\"@id\":\"https:\/\/www.iste-iste.av.tr\/en\/#website\"},\"primaryImageOfPage\":{\"@id\":\"https:\/\/www.iste-iste.av.tr\/en\/ata-can-bektas\/#primaryimage\"},\"image\":{\"@id\":\"https:\/\/www.iste-iste.av.tr\/en\/ata-can-bektas\/#primaryimage\"},\"thumbnailUrl\":\"https:\/\/www.iste-iste.av.tr\/wp-content\/uploads\/2026\/02\/ata-can-bektas.jpg\",\"datePublished\":\"2026-02-19T21:21:48+00:00\",\"dateModified\":\"2026-02-19T21:26:47+00:00\",\"description\":\"You can find detailed information about lawyer Ata Can Bekta\u015f and the content she has prepared on our page.\",\"breadcrumb\":{\"@id\":\"https:\/\/www.iste-iste.av.tr\/en\/ata-can-bektas\/#breadcrumb\"},\"inLanguage\":\"en-US\",\"potentialAction\":[{\"@type\":\"ReadAction\",\"target\":[\"https:\/\/www.iste-iste.av.tr\/en\/ata-can-bektas\/\"]}]},{\"@type\":\"ImageObject\",\"inLanguage\":\"en-US\",\"@id\":\"https:\/\/www.iste-iste.av.tr\/en\/ata-can-bektas\/#primaryimage\",\"url\":\"https:\/\/www.iste-iste.av.tr\/wp-content\/uploads\/2026\/02\/ata-can-bektas.jpg\",\"contentUrl\":\"https:\/\/www.iste-iste.av.tr\/wp-content\/uploads\/2026\/02\/ata-can-bektas.jpg\",\"width\":457,\"height\":554},{\"@type\":\"BreadcrumbList\",\"@id\":\"https:\/\/www.iste-iste.av.tr\/en\/ata-can-bektas\/#breadcrumb\",\"itemListElement\":[{\"@type\":\"ListItem\",\"position\":1,\"name\":\"Anasayfa\",\"item\":\"https:\/\/www.iste-iste.av.tr\/en\/\"},{\"@type\":\"ListItem\",\"position\":2,\"name\":\"Ata Can Bekta\u015f\"}]},{\"@type\":\"WebSite\",\"@id\":\"https:\/\/www.iste-iste.av.tr\/en\/#website\",\"url\":\"https:\/\/www.iste-iste.av.tr\/en\/\",\"name\":\"Iste & Iste Law Firm\",\"description\":\"\",\"publisher\":{\"@id\":\"https:\/\/www.iste-iste.av.tr\/en\/#organization\"},\"potentialAction\":[{\"@type\":\"SearchAction\",\"target\":{\"@type\":\"EntryPoint\",\"urlTemplate\":\"https:\/\/www.iste-iste.av.tr\/en\/?s={search_term_string}\"},\"query-input\":{\"@type\":\"PropertyValueSpecification\",\"valueRequired\":true,\"valueName\":\"search_term_string\"}}],\"inLanguage\":\"en-US\"},{\"@type\":\"Organization\",\"@id\":\"https:\/\/www.iste-iste.av.tr\/en\/#organization\",\"name\":\"Iste & Iste Law Firm\",\"url\":\"https:\/\/www.iste-iste.av.tr\/en\/\",\"logo\":{\"@type\":\"ImageObject\",\"inLanguage\":\"en-US\",\"@id\":\"https:\/\/www.iste-iste.av.tr\/en\/#\/schema\/logo\/image\/\",\"url\":\"https:\/\/www.iste-iste.av.tr\/wp-content\/uploads\/2022\/08\/preload-logo.png\",\"contentUrl\":\"https:\/\/www.iste-iste.av.tr\/wp-content\/uploads\/2022\/08\/preload-logo.png\",\"width\":482,\"height\":141,\"caption\":\"Iste & Iste Law Firm\"},\"image\":{\"@id\":\"https:\/\/www.iste-iste.av.tr\/en\/#\/schema\/logo\/image\/\"},\"sameAs\":[\"https:\/\/www.facebook.com\/profile.php?id=100066488754343\"]}]}<\/script>\n<!-- \/ Yoast SEO plugin. -->","yoast_head_json":{"title":"Ata Can Bekta\u015f | Iste & Iste Law Firm","description":"You can find detailed information about lawyer Ata Can Bekta\u015f and the content she has prepared on our page.","robots":{"index":"index","follow":"follow","max-snippet":"max-snippet:-1","max-image-preview":"max-image-preview:large","max-video-preview":"max-video-preview:-1"},"canonical":"https:\/\/www.iste-iste.av.tr\/en\/ata-can-bektas\/","og_locale":"en_US","og_type":"article","og_title":"Ata Can Bekta\u015f | Iste & Iste Law Firm","og_description":"You can find detailed information about lawyer Ata Can Bekta\u015f and the content she has prepared on our page.","og_url":"https:\/\/www.iste-iste.av.tr\/en\/ata-can-bektas\/","og_site_name":"Iste & Iste Law Firm","article_publisher":"https:\/\/www.facebook.com\/profile.php?id=100066488754343","article_modified_time":"2026-02-19T21:26:47+00:00","og_image":[{"width":457,"height":554,"url":"https:\/\/www.iste-iste.av.tr\/wp-content\/uploads\/2026\/02\/ata-can-bektas.jpg","type":"image\/jpeg"}],"twitter_card":"summary_large_image","twitter_misc":{"Est. reading time":"2 minutes"},"schema":{"@context":"https:\/\/schema.org","@graph":[{"@type":"WebPage","@id":"https:\/\/www.iste-iste.av.tr\/en\/ata-can-bektas\/","url":"https:\/\/www.iste-iste.av.tr\/en\/ata-can-bektas\/","name":"Ata Can Bekta\u015f | Iste & Iste Law Firm","isPartOf":{"@id":"https:\/\/www.iste-iste.av.tr\/en\/#website"},"primaryImageOfPage":{"@id":"https:\/\/www.iste-iste.av.tr\/en\/ata-can-bektas\/#primaryimage"},"image":{"@id":"https:\/\/www.iste-iste.av.tr\/en\/ata-can-bektas\/#primaryimage"},"thumbnailUrl":"https:\/\/www.iste-iste.av.tr\/wp-content\/uploads\/2026\/02\/ata-can-bektas.jpg","datePublished":"2026-02-19T21:21:48+00:00","dateModified":"2026-02-19T21:26:47+00:00","description":"You can find detailed information about lawyer Ata Can Bekta\u015f and the content she has prepared on our page.","breadcrumb":{"@id":"https:\/\/www.iste-iste.av.tr\/en\/ata-can-bektas\/#breadcrumb"},"inLanguage":"en-US","potentialAction":[{"@type":"ReadAction","target":["https:\/\/www.iste-iste.av.tr\/en\/ata-can-bektas\/"]}]},{"@type":"ImageObject","inLanguage":"en-US","@id":"https:\/\/www.iste-iste.av.tr\/en\/ata-can-bektas\/#primaryimage","url":"https:\/\/www.iste-iste.av.tr\/wp-content\/uploads\/2026\/02\/ata-can-bektas.jpg","contentUrl":"https:\/\/www.iste-iste.av.tr\/wp-content\/uploads\/2026\/02\/ata-can-bektas.jpg","width":457,"height":554},{"@type":"BreadcrumbList","@id":"https:\/\/www.iste-iste.av.tr\/en\/ata-can-bektas\/#breadcrumb","itemListElement":[{"@type":"ListItem","position":1,"name":"Anasayfa","item":"https:\/\/www.iste-iste.av.tr\/en\/"},{"@type":"ListItem","position":2,"name":"Ata Can Bekta\u015f"}]},{"@type":"WebSite","@id":"https:\/\/www.iste-iste.av.tr\/en\/#website","url":"https:\/\/www.iste-iste.av.tr\/en\/","name":"Iste & Iste Law Firm","description":"","publisher":{"@id":"https:\/\/www.iste-iste.av.tr\/en\/#organization"},"potentialAction":[{"@type":"SearchAction","target":{"@type":"EntryPoint","urlTemplate":"https:\/\/www.iste-iste.av.tr\/en\/?s={search_term_string}"},"query-input":{"@type":"PropertyValueSpecification","valueRequired":true,"valueName":"search_term_string"}}],"inLanguage":"en-US"},{"@type":"Organization","@id":"https:\/\/www.iste-iste.av.tr\/en\/#organization","name":"Iste & Iste Law Firm","url":"https:\/\/www.iste-iste.av.tr\/en\/","logo":{"@type":"ImageObject","inLanguage":"en-US","@id":"https:\/\/www.iste-iste.av.tr\/en\/#\/schema\/logo\/image\/","url":"https:\/\/www.iste-iste.av.tr\/wp-content\/uploads\/2022\/08\/preload-logo.png","contentUrl":"https:\/\/www.iste-iste.av.tr\/wp-content\/uploads\/2022\/08\/preload-logo.png","width":482,"height":141,"caption":"Iste & Iste Law Firm"},"image":{"@id":"https:\/\/www.iste-iste.av.tr\/en\/#\/schema\/logo\/image\/"},"sameAs":["https:\/\/www.facebook.com\/profile.php?id=100066488754343"]}]}},"_links":{"self":[{"href":"https:\/\/www.iste-iste.av.tr\/en\/wp-json\/wp\/v2\/pages\/2493","targetHints":{"allow":["GET"]}}],"collection":[{"href":"https:\/\/www.iste-iste.av.tr\/en\/wp-json\/wp\/v2\/pages"}],"about":[{"href":"https:\/\/www.iste-iste.av.tr\/en\/wp-json\/wp\/v2\/types\/page"}],"author":[{"embeddable":true,"href":"https:\/\/www.iste-iste.av.tr\/en\/wp-json\/wp\/v2\/users\/1"}],"replies":[{"embeddable":true,"href":"https:\/\/www.iste-iste.av.tr\/en\/wp-json\/wp\/v2\/comments?post=2493"}],"version-history":[{"count":0,"href":"https:\/\/www.iste-iste.av.tr\/en\/wp-json\/wp\/v2\/pages\/2493\/revisions"}],"wp:featuredmedia":[{"embeddable":true,"href":"https:\/\/www.iste-iste.av.tr\/en\/wp-json\/wp\/v2\/media\/2495"}],"wp:attachment":[{"href":"https:\/\/www.iste-iste.av.tr\/en\/wp-json\/wp\/v2\/media?parent=2493"}],"curies":[{"name":"wp","href":"https:\/\/api.w.org\/{rel}","templated":true}]}}