{"id":1848,"date":"2022-07-30T19:32:02","date_gmt":"2022-07-30T16:32:02","guid":{"rendered":"https:\/\/www.iste-iste.av.tr\/ceren-duman\/"},"modified":"2026-02-20T00:41:11","modified_gmt":"2026-02-19T21:41:11","slug":"ceren-duman-aydin","status":"publish","type":"page","link":"https:\/\/www.iste-iste.av.tr\/en\/ceren-duman-aydin\/","title":{"rendered":"Ceren Duman Ayd\u0131n"},"content":{"rendered":"<div class=\"wpb-content-wrapper\"><p>[vc_row uniqid=&#8221;62e298d71a6d3&#8243;][vc_column width=&#8221;5\/12&#8243;][vc_single_image image=&#8221;1215&#8243; img_size=&#8221;full&#8221;][\/vc_column][vc_column width=&#8221;7\/12&#8243;][vc_custom_heading text=&#8221;Ceren DUMAN AYDIN&#8221; font_container=&#8221;tag:h1|font_size:45px|text_align:left&#8221; use_theme_fonts=&#8221;yes&#8221;][vc_row_inner][vc_column_inner width=&#8221;8\/12&#8243;][vc_column_text css=&#8221;.vc_custom_1771537254953{margin-bottom: 10px !important;}&#8221;]<\/p>\n<p>Attorney at Law, Data Protection &amp; Privacy<\/p>\n<p>[\/vc_column_text][vc_column_text css=&#8221;.vc_custom_1662811559740{margin-bottom: 10px !important;}&#8221;]<\/p>\n<p><strong>Email:<\/strong> <a href=\"mailto:ceren@iste-iste.av.tr\">ceren@iste-iste.av.tr<\/a><\/p>\n<p>[\/vc_column_text][\/vc_column_inner][vc_column_inner width=&#8221;1\/12&#8243;][\/vc_column_inner][vc_column_inner width=&#8221;1\/12&#8243;][\/vc_column_inner][vc_column_inner width=&#8221;1\/12&#8243;][\/vc_column_inner][vc_column_inner width=&#8221;1\/12&#8243;][vc_icon icon_fontawesome=&#8221;fab fa-linkedin-in&#8221; color=&#8221;black&#8221; background_style=&#8221;rounded-less&#8221; background_color=&#8221;custom&#8221; size=&#8221;xs&#8221; custom_background_color=&#8221;#f2f2f2&#8243; link=&#8221;url:https%3A%2F%2Fwww.linkedin.com%2Fin%2Fceren-duman-271b31181%2F|title:ceren%20duman%20linkedin|target:_blank|rel:nofollow&#8221;][\/vc_column_inner][\/vc_row_inner][vc_column_text]<\/p>\n<p>She works as an attorney at \u0130ste &amp; \u0130ste Law Office.<\/p>\n<p>\u00a0She graduated from Istanbul Commerce University Faculty of Law in 2018 and was admitted to the Istanbul Bar Association in 2019.<\/p>\n<p>She primarily focuses on assisting companies in achieving compliance with the Turkish Personal Data Protection Law (KVKK). Her work in privacy compliance includes the assessment of data processing activities, preparation of privacy documentation (including notices and consent mechanisms), retention and disposal processes, contractual structuring of controller\u2013processor relationships, cookie and digital marketing compliance, and cross-border data transfer assessments. She has completed advanced professional training in data protection and international privacy compliance.<\/p>\n<p>She is involved in arbitration proceedings as tribunal secretary and as counsel. She is a member of Saadet \u00d6\u011fretmen Child Abuse Prevention Association (UC\u0130M), Mor \u00c7at\u0131 Women\u2019s Shelter Foundation, Gen\u00e7 ISTAC, and Young ICCA. She is fluent in Turkish and English.<\/p>\n<p>[\/vc_column_text][\/vc_column][\/vc_row][vc_row uniqid=&#8221;62e7b1760459a&#8221;][vc_column][vc_custom_heading text=&#8221;Certificates&#8221; font_container=&#8221;tag:h3|text_align:center&#8221; use_theme_fonts=&#8221;yes&#8221; css=&#8221;.vc_custom_1708356221094{margin-top: 30px !important;margin-bottom: 30px !important;}&#8221;][vc_row_inner][vc_column_inner width=&#8221;1\/2&#8243;][vc_column_text]<\/p>\n<p><strong>KVKK Advanced Level Training<\/strong><br \/>\nT\u00dcRAVAK 28-30 November 2023<\/p>\n<p><strong>Lawyering in Arbitration and Arbitration Types Training<\/strong><br \/>\nIstanbul Bar Association-06-10November 2023<\/p>\n<p><strong>Yesterday, Today and Tomorrow of FIDIC Contracts<\/strong><br \/>\nIstanbul Arbitration Center 17 October 2023<\/p>\n<p><strong>Training for Party Counsel in Arbitration<\/strong><br \/>\nIstanbul Arbitration Center 10-11 April 2021<\/p>\n<p><strong>Labor Law Online Advanced Education Program<\/strong><br \/>\nT\u00dcRAVAK 2-3-4 April 2021<\/p>\n<p><strong>Training on Management, Use, Expenditure and Protection of Children&#8217;s Property<\/strong><br \/>\nLaw Education-26April2020<\/p>\n<p><strong>Residential and Roofed Workplace Lease Agreements Training<\/strong><br \/>\nLaw Education-24April2020<\/p>\n<p><strong>Training on the Effect of the Corona Pandemic on Contracts<\/strong><br \/>\nLaw Education-22April2020<\/p>\n<p>[\/vc_column_text][\/vc_column_inner][vc_column_inner width=&#8221;1\/2&#8243;][vc_column_text]<\/p>\n<p><strong>&#8220;Mortgage&#8221; Training in Terms of Turkish Civil Code<\/strong><br \/>\nLaw Education-19 April 2020<\/p>\n<p><strong>Contract Preparation and Review Techniques Training<\/strong><br \/>\nLaw Education-17 April 2020<\/p>\n<p><strong>Proof and Calculation of Severance and Notice Pay Training<\/strong><br \/>\nLaw Education-14April2020<\/p>\n<p><strong>Personal Data Protection Law Training<\/strong><br \/>\nLaw Education-11 April 2020<\/p>\n<p><strong>The Effect of the Measures Taken within the Scope of Corona Virus on Private School and Foundation University Contracts<\/strong><br \/>\nLaw Education-09April2020<\/p>\n<p><strong>Medical Law<\/strong><br \/>\nLaw Education-06 April 2020<\/p>\n<p><strong>IX.Symposium of Philosophical and Sociological Views on Law<\/strong><br \/>\n\u0130stanbul University\u2013 2-4 October 2019<\/p>\n<p>[\/vc_column_text][\/vc_column_inner][\/vc_row_inner][\/vc_column][\/vc_row][vc_row][vc_column][vc_custom_heading text=&#8221;Articles&#8221; font_container=&#8221;tag:h3|text_align:center&#8221; use_theme_fonts=&#8221;yes&#8221; css=&#8221;.vc_custom_1661724687861{margin-top: 30px !important;margin-bottom: 30px !important;}&#8221;][vc_basic_grid post_type=&#8221;post&#8221; max_items=&#8221;-1&#8243; style=&#8221;load-more&#8221; items_per_page=&#8221;3&#8243; element_width=&#8221;12&#8243; item=&#8221;1035&#8243; btn_title=&#8221;Di\u011fer Yaz\u0131lar&#8221; btn_style=&#8221;outline-custom&#8221; btn_outline_custom_color=&#8221;#000282&#8243; btn_outline_custom_hover_background=&#8221;#000282&#8243; btn_outline_custom_hover_text=&#8221;#ffffff&#8221; grid_id=&#8221;vc_gid:1771537237947-3a28f9e1-b478-9&#8243; taxonomies=&#8221;64&#8243;][\/vc_column][\/vc_row]<\/p>\n<\/div>","protected":false},"excerpt":{"rendered":"<p>[vc_row uniqid=&#8221;62e298d71a6d3&#8243;][vc_column width=&#8221;5\/12&#8243;][vc_single_image image=&#8221;1215&#8243; img_size=&#8221;full&#8221;][\/vc_column][vc_column width=&#8221;7\/12&#8243;][vc_custom_heading text=&#8221;Ceren DUMAN AYDIN&#8221; font_container=&#8221;tag:h1|font_size:45px|text_align:left&#8221; use_theme_fonts=&#8221;yes&#8221;][vc_row_inner][vc_column_inner width=&#8221;8\/12&#8243;][vc_column_text css=&#8221;.vc_custom_1771537254953{margin-bottom: 10px !important;}&#8221;] Attorney at Law, Data Protection &amp; Privacy [\/vc_column_text][vc_column_text css=&#8221;.vc_custom_1662811559740{margin-bottom: 10px !important;}&#8221;] Email: ceren@iste-iste.av.tr [\/vc_column_text][\/vc_column_inner][vc_column_inner width=&#8221;1\/12&#8243;][\/vc_column_inner][vc_column_inner width=&#8221;1\/12&#8243;][\/vc_column_inner][vc_column_inner width=&#8221;1\/12&#8243;][\/vc_column_inner][vc_column_inner width=&#8221;1\/12&#8243;][vc_icon icon_fontawesome=&#8221;fab fa-linkedin-in&#8221; color=&#8221;black&#8221; background_style=&#8221;rounded-less&#8221; background_color=&#8221;custom&#8221; size=&#8221;xs&#8221; custom_background_color=&#8221;#f2f2f2&#8243; link=&#8221;url:https%3A%2F%2Fwww.linkedin.com%2Fin%2Fceren-duman-271b31181%2F|title:ceren%20duman%20linkedin|target:_blank|rel:nofollow&#8221;][\/vc_column_inner][\/vc_row_inner][vc_column_text] She works as an attorney at \u0130ste &amp; \u0130ste Law Office. \u00a0She graduated from [&hellip;]<\/p>\n","protected":false},"author":1,"featured_media":1755,"parent":0,"menu_order":0,"comment_status":"closed","ping_status":"closed","template":"template-landing.php","meta":{"footnotes":""},"class_list":["post-1848","page","type-page","status-publish","has-post-thumbnail","hentry"],"acf":[],"yoast_head":"<!-- This site is optimized with the Yoast SEO plugin v27.1.1 - https:\/\/yoast.com\/product\/yoast-seo-wordpress\/ -->\n<title>Ceren Duman Ayd\u0131n | Iste &amp; Iste Law Firm<\/title>\n<meta name=\"description\" content=\"You can find detailed information about lawyer Ceren Duman and the content she has prepared on our page.\" \/>\n<meta name=\"robots\" content=\"index, follow, max-snippet:-1, max-image-preview:large, max-video-preview:-1\" \/>\n<link rel=\"canonical\" href=\"https:\/\/www.iste-iste.av.tr\/en\/ceren-duman-aydin\/\" \/>\n<meta property=\"og:locale\" content=\"en_US\" \/>\n<meta property=\"og:type\" content=\"article\" \/>\n<meta property=\"og:title\" content=\"Ceren Duman Ayd\u0131n | Iste &amp; Iste Law Firm\" \/>\n<meta property=\"og:description\" content=\"You can find detailed information about lawyer Ceren Duman and the content she has prepared on our page.\" \/>\n<meta property=\"og:url\" content=\"https:\/\/www.iste-iste.av.tr\/en\/ceren-duman-aydin\/\" \/>\n<meta property=\"og:site_name\" content=\"Iste &amp; Iste Law Firm\" \/>\n<meta property=\"article:publisher\" content=\"https:\/\/www.facebook.com\/profile.php?id=100066488754343\" \/>\n<meta property=\"article:modified_time\" content=\"2026-02-19T21:41:11+00:00\" \/>\n<meta property=\"og:image\" content=\"https:\/\/www.iste-iste.av.tr\/wp-content\/uploads\/2022\/08\/ceren-duman.jpg\" \/>\n\t<meta property=\"og:image:width\" content=\"457\" \/>\n\t<meta property=\"og:image:height\" content=\"554\" \/>\n\t<meta property=\"og:image:type\" content=\"image\/jpeg\" \/>\n<meta name=\"twitter:card\" content=\"summary_large_image\" \/>\n<meta name=\"twitter:label1\" content=\"Est. reading time\" \/>\n\t<meta name=\"twitter:data1\" content=\"3 minutes\" \/>\n<script type=\"application\/ld+json\" class=\"yoast-schema-graph\">{\"@context\":\"https:\/\/schema.org\",\"@graph\":[{\"@type\":\"WebPage\",\"@id\":\"https:\/\/www.iste-iste.av.tr\/en\/ceren-duman-aydin\/\",\"url\":\"https:\/\/www.iste-iste.av.tr\/en\/ceren-duman-aydin\/\",\"name\":\"Ceren Duman Ayd\u0131n | Iste & Iste Law Firm\",\"isPartOf\":{\"@id\":\"https:\/\/www.iste-iste.av.tr\/en\/#website\"},\"primaryImageOfPage\":{\"@id\":\"https:\/\/www.iste-iste.av.tr\/en\/ceren-duman-aydin\/#primaryimage\"},\"image\":{\"@id\":\"https:\/\/www.iste-iste.av.tr\/en\/ceren-duman-aydin\/#primaryimage\"},\"thumbnailUrl\":\"https:\/\/www.iste-iste.av.tr\/wp-content\/uploads\/2022\/08\/ceren-duman.jpg\",\"datePublished\":\"2022-07-30T16:32:02+00:00\",\"dateModified\":\"2026-02-19T21:41:11+00:00\",\"description\":\"You can find detailed information about lawyer Ceren Duman and the content she has prepared on our page.\",\"breadcrumb\":{\"@id\":\"https:\/\/www.iste-iste.av.tr\/en\/ceren-duman-aydin\/#breadcrumb\"},\"inLanguage\":\"en-US\",\"potentialAction\":[{\"@type\":\"ReadAction\",\"target\":[\"https:\/\/www.iste-iste.av.tr\/en\/ceren-duman-aydin\/\"]}]},{\"@type\":\"ImageObject\",\"inLanguage\":\"en-US\",\"@id\":\"https:\/\/www.iste-iste.av.tr\/en\/ceren-duman-aydin\/#primaryimage\",\"url\":\"https:\/\/www.iste-iste.av.tr\/wp-content\/uploads\/2022\/08\/ceren-duman.jpg\",\"contentUrl\":\"https:\/\/www.iste-iste.av.tr\/wp-content\/uploads\/2022\/08\/ceren-duman.jpg\",\"width\":457,\"height\":554,\"caption\":\"Ceren Duman\"},{\"@type\":\"BreadcrumbList\",\"@id\":\"https:\/\/www.iste-iste.av.tr\/en\/ceren-duman-aydin\/#breadcrumb\",\"itemListElement\":[{\"@type\":\"ListItem\",\"position\":1,\"name\":\"Anasayfa\",\"item\":\"https:\/\/www.iste-iste.av.tr\/en\/\"},{\"@type\":\"ListItem\",\"position\":2,\"name\":\"Ceren Duman Ayd\u0131n\"}]},{\"@type\":\"WebSite\",\"@id\":\"https:\/\/www.iste-iste.av.tr\/en\/#website\",\"url\":\"https:\/\/www.iste-iste.av.tr\/en\/\",\"name\":\"Iste & Iste Law Firm\",\"description\":\"\",\"publisher\":{\"@id\":\"https:\/\/www.iste-iste.av.tr\/en\/#organization\"},\"potentialAction\":[{\"@type\":\"SearchAction\",\"target\":{\"@type\":\"EntryPoint\",\"urlTemplate\":\"https:\/\/www.iste-iste.av.tr\/en\/?s={search_term_string}\"},\"query-input\":{\"@type\":\"PropertyValueSpecification\",\"valueRequired\":true,\"valueName\":\"search_term_string\"}}],\"inLanguage\":\"en-US\"},{\"@type\":\"Organization\",\"@id\":\"https:\/\/www.iste-iste.av.tr\/en\/#organization\",\"name\":\"Iste & Iste Law Firm\",\"url\":\"https:\/\/www.iste-iste.av.tr\/en\/\",\"logo\":{\"@type\":\"ImageObject\",\"inLanguage\":\"en-US\",\"@id\":\"https:\/\/www.iste-iste.av.tr\/en\/#\/schema\/logo\/image\/\",\"url\":\"https:\/\/www.iste-iste.av.tr\/wp-content\/uploads\/2022\/08\/preload-logo.png\",\"contentUrl\":\"https:\/\/www.iste-iste.av.tr\/wp-content\/uploads\/2022\/08\/preload-logo.png\",\"width\":482,\"height\":141,\"caption\":\"Iste & Iste Law Firm\"},\"image\":{\"@id\":\"https:\/\/www.iste-iste.av.tr\/en\/#\/schema\/logo\/image\/\"},\"sameAs\":[\"https:\/\/www.facebook.com\/profile.php?id=100066488754343\"]}]}<\/script>\n<!-- \/ Yoast SEO plugin. -->","yoast_head_json":{"title":"Ceren Duman Ayd\u0131n | Iste & Iste Law Firm","description":"You can find detailed information about lawyer Ceren Duman and the content she has prepared on our page.","robots":{"index":"index","follow":"follow","max-snippet":"max-snippet:-1","max-image-preview":"max-image-preview:large","max-video-preview":"max-video-preview:-1"},"canonical":"https:\/\/www.iste-iste.av.tr\/en\/ceren-duman-aydin\/","og_locale":"en_US","og_type":"article","og_title":"Ceren Duman Ayd\u0131n | Iste & Iste Law Firm","og_description":"You can find detailed information about lawyer Ceren Duman and the content she has prepared on our page.","og_url":"https:\/\/www.iste-iste.av.tr\/en\/ceren-duman-aydin\/","og_site_name":"Iste & Iste Law Firm","article_publisher":"https:\/\/www.facebook.com\/profile.php?id=100066488754343","article_modified_time":"2026-02-19T21:41:11+00:00","og_image":[{"width":457,"height":554,"url":"https:\/\/www.iste-iste.av.tr\/wp-content\/uploads\/2022\/08\/ceren-duman.jpg","type":"image\/jpeg"}],"twitter_card":"summary_large_image","twitter_misc":{"Est. reading time":"3 minutes"},"schema":{"@context":"https:\/\/schema.org","@graph":[{"@type":"WebPage","@id":"https:\/\/www.iste-iste.av.tr\/en\/ceren-duman-aydin\/","url":"https:\/\/www.iste-iste.av.tr\/en\/ceren-duman-aydin\/","name":"Ceren Duman Ayd\u0131n | Iste & Iste Law Firm","isPartOf":{"@id":"https:\/\/www.iste-iste.av.tr\/en\/#website"},"primaryImageOfPage":{"@id":"https:\/\/www.iste-iste.av.tr\/en\/ceren-duman-aydin\/#primaryimage"},"image":{"@id":"https:\/\/www.iste-iste.av.tr\/en\/ceren-duman-aydin\/#primaryimage"},"thumbnailUrl":"https:\/\/www.iste-iste.av.tr\/wp-content\/uploads\/2022\/08\/ceren-duman.jpg","datePublished":"2022-07-30T16:32:02+00:00","dateModified":"2026-02-19T21:41:11+00:00","description":"You can find detailed information about lawyer Ceren Duman and the content she has prepared on our page.","breadcrumb":{"@id":"https:\/\/www.iste-iste.av.tr\/en\/ceren-duman-aydin\/#breadcrumb"},"inLanguage":"en-US","potentialAction":[{"@type":"ReadAction","target":["https:\/\/www.iste-iste.av.tr\/en\/ceren-duman-aydin\/"]}]},{"@type":"ImageObject","inLanguage":"en-US","@id":"https:\/\/www.iste-iste.av.tr\/en\/ceren-duman-aydin\/#primaryimage","url":"https:\/\/www.iste-iste.av.tr\/wp-content\/uploads\/2022\/08\/ceren-duman.jpg","contentUrl":"https:\/\/www.iste-iste.av.tr\/wp-content\/uploads\/2022\/08\/ceren-duman.jpg","width":457,"height":554,"caption":"Ceren Duman"},{"@type":"BreadcrumbList","@id":"https:\/\/www.iste-iste.av.tr\/en\/ceren-duman-aydin\/#breadcrumb","itemListElement":[{"@type":"ListItem","position":1,"name":"Anasayfa","item":"https:\/\/www.iste-iste.av.tr\/en\/"},{"@type":"ListItem","position":2,"name":"Ceren Duman Ayd\u0131n"}]},{"@type":"WebSite","@id":"https:\/\/www.iste-iste.av.tr\/en\/#website","url":"https:\/\/www.iste-iste.av.tr\/en\/","name":"Iste & Iste Law Firm","description":"","publisher":{"@id":"https:\/\/www.iste-iste.av.tr\/en\/#organization"},"potentialAction":[{"@type":"SearchAction","target":{"@type":"EntryPoint","urlTemplate":"https:\/\/www.iste-iste.av.tr\/en\/?s={search_term_string}"},"query-input":{"@type":"PropertyValueSpecification","valueRequired":true,"valueName":"search_term_string"}}],"inLanguage":"en-US"},{"@type":"Organization","@id":"https:\/\/www.iste-iste.av.tr\/en\/#organization","name":"Iste & Iste Law Firm","url":"https:\/\/www.iste-iste.av.tr\/en\/","logo":{"@type":"ImageObject","inLanguage":"en-US","@id":"https:\/\/www.iste-iste.av.tr\/en\/#\/schema\/logo\/image\/","url":"https:\/\/www.iste-iste.av.tr\/wp-content\/uploads\/2022\/08\/preload-logo.png","contentUrl":"https:\/\/www.iste-iste.av.tr\/wp-content\/uploads\/2022\/08\/preload-logo.png","width":482,"height":141,"caption":"Iste & Iste Law Firm"},"image":{"@id":"https:\/\/www.iste-iste.av.tr\/en\/#\/schema\/logo\/image\/"},"sameAs":["https:\/\/www.facebook.com\/profile.php?id=100066488754343"]}]}},"_links":{"self":[{"href":"https:\/\/www.iste-iste.av.tr\/en\/wp-json\/wp\/v2\/pages\/1848","targetHints":{"allow":["GET"]}}],"collection":[{"href":"https:\/\/www.iste-iste.av.tr\/en\/wp-json\/wp\/v2\/pages"}],"about":[{"href":"https:\/\/www.iste-iste.av.tr\/en\/wp-json\/wp\/v2\/types\/page"}],"author":[{"embeddable":true,"href":"https:\/\/www.iste-iste.av.tr\/en\/wp-json\/wp\/v2\/users\/1"}],"replies":[{"embeddable":true,"href":"https:\/\/www.iste-iste.av.tr\/en\/wp-json\/wp\/v2\/comments?post=1848"}],"version-history":[{"count":0,"href":"https:\/\/www.iste-iste.av.tr\/en\/wp-json\/wp\/v2\/pages\/1848\/revisions"}],"wp:featuredmedia":[{"embeddable":true,"href":"https:\/\/www.iste-iste.av.tr\/en\/wp-json\/wp\/v2\/media\/1755"}],"wp:attachment":[{"href":"https:\/\/www.iste-iste.av.tr\/en\/wp-json\/wp\/v2\/media?parent=1848"}],"curies":[{"name":"wp","href":"https:\/\/api.w.org\/{rel}","templated":true}]}}