{"id":1845,"date":"2022-07-25T21:52:10","date_gmt":"2022-07-25T18:52:10","guid":{"rendered":"https:\/\/www.iste-iste.av.tr\/ekibimiz\/"},"modified":"2026-03-03T00:22:32","modified_gmt":"2026-03-02T21:22:32","slug":"our-team","status":"publish","type":"page","link":"https:\/\/www.iste-iste.av.tr\/en\/our-team\/","title":{"rendered":"Our Team"},"content":{"rendered":"<div class=\"wpb-content-wrapper\"><p>[vc_row full_width=&#8221;stretch_row_content_no_spaces&#8221; uniqid=&#8221;5ca250619246e&#8221;][vc_column]    <section class=\"banner-area banner-area-5ca2502b8c9f3 top-offset current-white\">\n            <div class=\"banner-item white\" style=\"\">\n        \n    <div class=\"bg-overlay\">\n              <div class=\"color\"><\/div>\n              <div class=\"dots\"><\/div>\n          <\/div>\n\n            <div class=\"container\">\n          <div class=\"row align-items-center fixed-height\" style=\"height: 285px;\">\n            <div class=\"col\">\n                              <h1 class=\"h\">Our Team<\/h1>\n                                        <\/div>\n          <\/div>\n        <\/div>\n      <\/div>\n    <\/section>\n    [\/vc_column][\/vc_row][vc_row uniqid=&#8221;633b08e915fb8&#8243;][vc_column width=&#8221;1\/4&#8243;][vc_single_image image=&#8221;1000&#8243; img_size=&#8221;full&#8221;][\/vc_column][vc_column width=&#8221;3\/4&#8243;][vc_custom_heading text=&#8221;Dr. Onur \u0130STE, Ph.D. \/J.S.D.&#8221; font_container=&#8221;tag:h2|font_size:40px|text_align:left&#8221; use_theme_fonts=&#8221;yes&#8221;][vc_column_text]<\/p>\n<p><strong>Attorney at Law \/ Mediator<br \/>\nCo-founder<\/strong><\/p>\n<p>He graduated from Istanbul Commerce University Law Faculty. He is a member of Istanbul Bar Association since 2007. He received his&#8230;<\/p>\n<p>[\/vc_column_text][vc_row_inner][vc_column_inner width=&#8221;1\/6&#8243; offset=&#8221;vc_hidden-lg vc_hidden-md vc_hidden-sm vc_hidden-xs&#8221;][vc_icon icon_fontawesome=&#8221;fab fa-facebook-f&#8221; color=&#8221;black&#8221; size=&#8221;sm&#8221;][\/vc_column_inner][vc_column_inner width=&#8221;1\/6&#8243; offset=&#8221;vc_hidden-lg vc_hidden-md vc_hidden-sm vc_hidden-xs&#8221;][vc_icon icon_fontawesome=&#8221;fab fa-instagram&#8221; color=&#8221;black&#8221; size=&#8221;sm&#8221;][\/vc_column_inner][vc_column_inner width=&#8221;1\/6&#8243; offset=&#8221;vc_hidden-lg vc_hidden-md vc_hidden-sm vc_hidden-xs&#8221;][vc_icon icon_fontawesome=&#8221;fab fa-twitter&#8221; color=&#8221;black&#8221; size=&#8221;sm&#8221;][\/vc_column_inner][vc_column_inner width=&#8221;1\/6&#8243; offset=&#8221;vc_col-xs-4&#8243;][vc_icon icon_fontawesome=&#8221;fab fa-linkedin-in&#8221; color=&#8221;black&#8221; size=&#8221;sm&#8221; link=&#8221;url:https%3A%2F%2Fwww.linkedin.com%2Fin%2Fonur-iste-5362a224%2F|title:Onur%20%C4%B0ste%20Linkedin|target:_blank|rel:nofollow&#8221;][\/vc_column_inner][vc_column_inner width=&#8221;1\/6&#8243; offset=&#8221;vc_col-xs-4&#8243;][vc_icon icon_fontawesome=&#8221;far fa-envelope&#8221; color=&#8221;black&#8221; size=&#8221;sm&#8221; link=&#8221;url:mailto%3Aonur%40iste-iste.av.tr&#8221;][\/vc_column_inner][vc_column_inner width=&#8221;1\/6&#8243; offset=&#8221;vc_col-xs-4&#8243;][vc_icon icon_fontawesome=&#8221;fas fa-blog&#8221; color=&#8221;black&#8221; size=&#8221;sm&#8221; link=&#8221;url:https%3A%2F%2Fwww.iste-iste.av.tr%2Ft%2Fonur-iste%2F&#8221;][\/vc_column_inner][\/vc_row_inner][vc_btn title=&#8221;More&#8230;&#8221; style=&#8221;outline-custom&#8221; outline_custom_color=&#8221;#000282&#8243; outline_custom_hover_background=&#8221;#000282&#8243; outline_custom_hover_text=&#8221;#ffffff&#8221; shape=&#8221;square&#8221; align=&#8221;left&#8221; link=&#8221;url:https%3A%2F%2Fwww.iste-iste.av.tr%2Fen%2Fonur-iste%2F|title:Onur%20%C4%B0ste&#8221;][\/vc_column][\/vc_row][vc_row css=&#8221;.vc_custom_1659016986995{margin-top: 20px !important;margin-bottom: 20px !important;}&#8221;][vc_column][vc_text_separator title=&#8221;&#8221; i_icon_fontawesome=&#8221;fas fa-balance-scale&#8221; i_color=&#8221;custom&#8221; i_size=&#8221;sm&#8221; color=&#8221;custom&#8221; add_icon=&#8221;true&#8221; i_custom_color=&#8221;#2ecbe9&#8243; accent_color=&#8221;#000282&#8243;][\/vc_column][\/vc_row][vc_row uniqid=&#8221;633b09beeb745&#8243; el_id=&#8221;reverse1&#8243;][vc_column width=&#8221;3\/4&#8243;][vc_custom_heading text=&#8221;Dr. Cansu \u0130STE-ARLANO\u011eLU, Ph.D. \/J.S.D.&#8221; font_container=&#8221;tag:h2|font_size:40px|text_align:left&#8221; use_theme_fonts=&#8221;yes&#8221;][vc_column_text]<\/p>\n<p><strong>Attorney at Law \/ Mediator<br \/>\nCo-founder<\/strong><\/p>\n<p>She graduated from Istanbul University Law Faculty in 2008. She started her LL.M degree in Istanbul University, Department of Private Law in the same year.<\/p>\n<p>[\/vc_column_text][vc_row_inner][vc_column_inner width=&#8221;1\/6&#8243; offset=&#8221;vc_hidden-lg vc_hidden-md vc_hidden-sm vc_hidden-xs&#8221;][vc_icon icon_fontawesome=&#8221;fab fa-facebook-f&#8221; color=&#8221;black&#8221; size=&#8221;sm&#8221;][\/vc_column_inner][vc_column_inner width=&#8221;1\/6&#8243; offset=&#8221;vc_hidden-lg vc_hidden-md vc_hidden-sm vc_hidden-xs&#8221;][vc_icon icon_fontawesome=&#8221;fab fa-instagram&#8221; color=&#8221;black&#8221; size=&#8221;sm&#8221;][\/vc_column_inner][vc_column_inner width=&#8221;1\/6&#8243; offset=&#8221;vc_hidden-lg vc_hidden-md vc_hidden-sm vc_hidden-xs&#8221;][vc_icon icon_fontawesome=&#8221;fab fa-twitter&#8221; color=&#8221;black&#8221; size=&#8221;sm&#8221;][\/vc_column_inner][vc_column_inner width=&#8221;1\/6&#8243; offset=&#8221;vc_col-xs-4&#8243;][vc_icon icon_fontawesome=&#8221;fab fa-linkedin-in&#8221; color=&#8221;black&#8221; size=&#8221;sm&#8221; link=&#8221;url:https%3A%2F%2Fwww.linkedin.com%2Fin%2Fcansu-iste-a965272a%2F|title:Cansu%20%C4%B0ste%20Linkedin|target:_blank|rel:nofollow&#8221;][\/vc_column_inner][vc_column_inner width=&#8221;1\/6&#8243; offset=&#8221;vc_col-xs-4&#8243;][vc_icon icon_fontawesome=&#8221;far fa-envelope&#8221; color=&#8221;black&#8221; size=&#8221;sm&#8221; link=&#8221;url:mailto%3Acansu%40iste-iste.av.tr&#8221;][\/vc_column_inner][vc_column_inner width=&#8221;1\/6&#8243; offset=&#8221;vc_col-xs-4&#8243;][vc_icon icon_fontawesome=&#8221;fas fa-blog&#8221; color=&#8221;black&#8221; size=&#8221;sm&#8221; link=&#8221;url:https%3A%2F%2Fwww.iste-iste.av.tr%2Ft%2Fcansu-iste%2F&#8221;][\/vc_column_inner][\/vc_row_inner][vc_btn title=&#8221;More&#8230;&#8221; style=&#8221;outline-custom&#8221; outline_custom_color=&#8221;#000282&#8243; outline_custom_hover_background=&#8221;#000282&#8243; outline_custom_hover_text=&#8221;#ffffff&#8221; shape=&#8221;square&#8221; align=&#8221;left&#8221; link=&#8221;url:https%3A%2F%2Fwww.iste-iste.av.tr%2Fen%2Fcansu-iste-arlanoglu%2F|title:Cansu%20%C4%B0ste&#8221;][\/vc_column][vc_column width=&#8221;1\/4&#8243;][vc_single_image image=&#8221;1001&#8243; img_size=&#8221;full&#8221;][\/vc_column][\/vc_row][vc_row][vc_column][vc_tta_tabs style=&#8221;modern&#8221; color=&#8221;turquoise&#8221; spacing=&#8221;4&#8243; gap=&#8221;5&#8243; alignment=&#8221;center&#8221; active_section=&#8221;&#8221; no_fill_content_area=&#8221;true&#8221;][vc_tta_section title=&#8221;Attorneys at Law&#8221; tab_id=&#8221;attorneys-at-law&#8221;][vc_row_inner css=&#8221;.vc_custom_1772486258389{margin-top: 30px !important;}&#8221;][vc_column_inner width=&#8221;1\/4&#8243;][vc_single_image image=&#8221;2495&#8243; img_size=&#8221;full&#8221;][\/vc_column_inner][vc_column_inner width=&#8221;3\/4&#8243;][vc_custom_heading text=&#8221;Ata Can BEKTA\u015e&#8221; font_container=&#8221;tag:h2|font_size:40px|text_align:left&#8221; use_theme_fonts=&#8221;yes&#8221;][vc_column_text]<\/p>\n<p><strong>Attorney at Law \/ Business Partner<\/strong><\/p>\n<p>Ata Can Bekta\u015f has been a Partner at \u0130ste &amp; \u0130ste Law Firm since 2025. He graduated from Istanbul Commerce University, Faculty of Law, in 2009 and completed his legal traineeship in 2010.<\/p>\n<p>[\/vc_column_text][vc_btn title=&#8221;More&#8230;&#8221; style=&#8221;outline-custom&#8221; outline_custom_color=&#8221;#000282&#8243; outline_custom_hover_background=&#8221;#000282&#8243; outline_custom_hover_text=&#8221;#ffffff&#8221; shape=&#8221;square&#8221; align=&#8221;left&#8221; link=&#8221;url:https%3A%2F%2Fwww.iste-iste.av.tr%2Fen%2Fata-can-bektas%2F|title:Ata%20Can%20BEKTA%C5%9E&#8221;][\/vc_column_inner][\/vc_row_inner][vc_text_separator title=&#8221;&#8221; i_icon_fontawesome=&#8221;fas fa-balance-scale&#8221; i_color=&#8221;custom&#8221; i_size=&#8221;sm&#8221; color=&#8221;custom&#8221; add_icon=&#8221;true&#8221; i_custom_color=&#8221;#2ecbe9&#8243; accent_color=&#8221;#000282&#8243;][vc_row_inner el_id=&#8221;reverse1&#8243;][vc_column_inner width=&#8221;3\/4&#8243;][vc_custom_heading text=&#8221;Ceren DUMAN AYDIN&#8221; font_container=&#8221;tag:h2|font_size:40px|text_align:left&#8221; use_theme_fonts=&#8221;yes&#8221;][vc_column_text]<\/p>\n<p><strong>Attorney at Law<\/strong><\/p>\n<p>She graduated from Istanbul Commerce University Faculty of Law in 2018. In 2019, she received her attorney&#8217;s license from the Istanbul Bar Association.<\/p>\n<p>[\/vc_column_text][vc_btn title=&#8221;More&#8230;&#8221; style=&#8221;outline-custom&#8221; outline_custom_color=&#8221;#000282&#8243; outline_custom_hover_background=&#8221;#000282&#8243; outline_custom_hover_text=&#8221;#ffffff&#8221; shape=&#8221;square&#8221; align=&#8221;left&#8221; link=&#8221;url:https%3A%2F%2Fwww.iste-iste.av.tr%2Fen%2Fceren-duman-aydin%2F|title:Ceren%20Duman%20Ayd%C4%B1n&#8221;][\/vc_column_inner][vc_column_inner width=&#8221;1\/4&#8243;][vc_single_image image=&#8221;1003&#8243; img_size=&#8221;full&#8221;][\/vc_column_inner][\/vc_row_inner][vc_text_separator title=&#8221;&#8221; i_icon_fontawesome=&#8221;fas fa-balance-scale&#8221; i_color=&#8221;custom&#8221; i_size=&#8221;sm&#8221; color=&#8221;custom&#8221; add_icon=&#8221;true&#8221; i_custom_color=&#8221;#2ecbe9&#8243; accent_color=&#8221;#000282&#8243;][vc_row_inner][vc_column_inner width=&#8221;1\/4&#8243;][vc_single_image image=&#8221;2519&#8243; img_size=&#8221;full&#8221;][\/vc_column_inner][vc_column_inner width=&#8221;3\/4&#8243;][vc_custom_heading text=&#8221;Hasan Murat SARI\u00c7O\u011eLU&#8221; font_container=&#8221;tag:h2|font_size:40px|text_align:left&#8221; use_theme_fonts=&#8221;yes&#8221;][vc_column_text]<\/p>\n<p><strong>Attorney at Law \/ Mediator<\/strong><\/p>\n<p>He graduated from Trakya University, Faculty of Economics and Administrative Sciences, Department of Business Administration, in 2005, and from Yalova University, Faculty of Law, in 2016.<\/p>\n<p>[\/vc_column_text][vc_btn title=&#8221;More&#8230;&#8221; style=&#8221;outline-custom&#8221; outline_custom_color=&#8221;#000282&#8243; outline_custom_hover_background=&#8221;#000282&#8243; outline_custom_hover_text=&#8221;#ffffff&#8221; shape=&#8221;square&#8221; align=&#8221;left&#8221; link=&#8221;url:https%3A%2F%2Fwww.iste-iste.av.tr%2Fen%2Fhasan-murat-saricoglu%2F|title:Hasan%20Murat%20SARI%C3%87O%C4%9ELU&#8221;][\/vc_column_inner][\/vc_row_inner][vc_text_separator title=&#8221;&#8221; i_icon_fontawesome=&#8221;fas fa-balance-scale&#8221; i_color=&#8221;custom&#8221; i_size=&#8221;sm&#8221; color=&#8221;custom&#8221; add_icon=&#8221;true&#8221; i_custom_color=&#8221;#2ecbe9&#8243; accent_color=&#8221;#000282&#8243;][vc_row_inner el_id=&#8221;reverse1&#8243;][vc_column_inner width=&#8221;3\/4&#8243;][vc_custom_heading text=&#8221;Ayy\u00fcce MADEN&#8221; font_container=&#8221;tag:h2|font_size:40px|text_align:left&#8221; use_theme_fonts=&#8221;yes&#8221;][vc_column_text]<\/p>\n<p><strong>Attorney at Law<\/strong><\/p>\n<p>She graduated from Marmara University Faculty of Law in 2023. She continues her academic studies within the LL.M. program in the Department of Private Law at Istanbul University.<\/p>\n<p>[\/vc_column_text][vc_btn title=&#8221;More&#8230;&#8221; style=&#8221;outline-custom&#8221; outline_custom_color=&#8221;#000282&#8243; outline_custom_hover_background=&#8221;#000282&#8243; outline_custom_hover_text=&#8221;#ffffff&#8221; shape=&#8221;square&#8221; align=&#8221;left&#8221; link=&#8221;url:https%3A%2F%2Fwww.iste-iste.av.tr%2Fen%2Fayyuce-maden%2F|title:Ayy%C3%BCce%20MADEN&#8221;][\/vc_column_inner][vc_column_inner width=&#8221;1\/4&#8243;][vc_single_image image=&#8221;2503&#8243; img_size=&#8221;full&#8221;][\/vc_column_inner][\/vc_row_inner][vc_text_separator title=&#8221;&#8221; i_icon_fontawesome=&#8221;fas fa-balance-scale&#8221; i_color=&#8221;custom&#8221; i_size=&#8221;sm&#8221; color=&#8221;custom&#8221; add_icon=&#8221;true&#8221; i_custom_color=&#8221;#2ecbe9&#8243; accent_color=&#8221;#000282&#8243;][vc_row_inner][vc_column_inner width=&#8221;1\/4&#8243;][vc_single_image image=&#8221;2525&#8243; img_size=&#8221;full&#8221;][\/vc_column_inner][vc_column_inner width=&#8221;3\/4&#8243;][vc_custom_heading text=&#8221;Kerem \u0130PEK&#8221; font_container=&#8221;tag:h2|font_size:40px|text_align:left&#8221; use_theme_fonts=&#8221;yes&#8221;][vc_column_text]<\/p>\n<p><strong>Attorney at Law<\/strong><\/p>\n<p>He graduated from Istanbul Commerce University Faculty of Law and obtained his license to practice law from the Istanbul Bar Association.<\/p>\n<p>[\/vc_column_text][vc_btn title=&#8221;More&#8230;&#8221; style=&#8221;outline-custom&#8221; outline_custom_color=&#8221;#000282&#8243; outline_custom_hover_background=&#8221;#000282&#8243; outline_custom_hover_text=&#8221;#ffffff&#8221; shape=&#8221;square&#8221; align=&#8221;left&#8221; link=&#8221;url:https%3A%2F%2Fwww.iste-iste.av.tr%2Fen%2Fkerem-ipek%2F|title:Kerem%20%C4%B0PEK&#8221;][\/vc_column_inner][\/vc_row_inner][\/vc_tta_section][vc_tta_section title=&#8221;Senior Consultants&#8221; tab_id=&#8221;senior-consultants&#8221;][vc_row_inner css=&#8221;.vc_custom_1772486268293{margin-top: 30px !important;}&#8221;][vc_column_inner width=&#8221;1\/4&#8243;][vc_single_image image=&#8221;2593&#8243; img_size=&#8221;full&#8221;][\/vc_column_inner][vc_column_inner width=&#8221;3\/4&#8243;][vc_custom_heading text=&#8221;\u015eerafettin \u0130STE&#8221; font_container=&#8221;tag:h2|font_size:40px|text_align:left&#8221; use_theme_fonts=&#8221;yes&#8221;][vc_column_text]<\/p>\n<p><strong>Consultant<\/strong><\/p>\n<p>\u015eerafettin \u0130ste graduated from Istanbul University Faculty of Law in 1971. He began his legal career in Istanbul as a judicial candidate and subsequently served&#8230;<\/p>\n<p>[\/vc_column_text][vc_btn title=&#8221;More&#8230;&#8221; style=&#8221;outline-custom&#8221; outline_custom_color=&#8221;#000282&#8243; outline_custom_hover_background=&#8221;#000282&#8243; outline_custom_hover_text=&#8221;#ffffff&#8221; shape=&#8221;square&#8221; align=&#8221;left&#8221; link=&#8221;url:https%3A%2F%2Fwww.iste-iste.av.tr%2Fen%2Fserafettin-iste%2F|title:%C5%9Eerafettin%20%C4%B0ste&#8221;][\/vc_column_inner][\/vc_row_inner][vc_text_separator title=&#8221;&#8221; i_icon_fontawesome=&#8221;fas fa-balance-scale&#8221; i_color=&#8221;custom&#8221; i_size=&#8221;sm&#8221; color=&#8221;custom&#8221; add_icon=&#8221;true&#8221; i_custom_color=&#8221;#2ecbe9&#8243; accent_color=&#8221;#000282&#8243;][vc_row_inner el_id=&#8221;reverse1&#8243;][vc_column_inner width=&#8221;3\/4&#8243;][vc_custom_heading text=&#8221;Nesime \u0130STE&#8221; font_container=&#8221;tag:h2|font_size:40px|text_align:left&#8221; use_theme_fonts=&#8221;yes&#8221;][vc_column_text]<\/p>\n<p><strong>Consultant<\/strong><\/p>\n<p>She graduated from Istanbul University Faculty of Law in 1976. In 1978, she started to work as a member of Siverek High Criminal Court, then K\u00fcre (Kastamonu)&#8230;<\/p>\n<p>[\/vc_column_text][vc_btn title=&#8221;More&#8230;&#8221; style=&#8221;outline-custom&#8221; outline_custom_color=&#8221;#000282&#8243; outline_custom_hover_background=&#8221;#000282&#8243; outline_custom_hover_text=&#8221;#ffffff&#8221; shape=&#8221;square&#8221; align=&#8221;left&#8221; link=&#8221;url:https%3A%2F%2Fwww.iste-iste.av.tr%2Fen%2Fnesime-iste%2F|title:Nesime%20%C4%B0ste&#8221;][\/vc_column_inner][vc_column_inner width=&#8221;1\/4&#8243;][vc_single_image image=&#8221;1589&#8243; img_size=&#8221;full&#8221;][\/vc_column_inner][\/vc_row_inner][vc_text_separator title=&#8221;&#8221; i_icon_fontawesome=&#8221;fas fa-balance-scale&#8221; i_color=&#8221;custom&#8221; i_size=&#8221;sm&#8221; color=&#8221;custom&#8221; add_icon=&#8221;true&#8221; i_custom_color=&#8221;#2ecbe9&#8243; accent_color=&#8221;#000282&#8243;][vc_row_inner][vc_column_inner width=&#8221;1\/4&#8243;][vc_single_image image=&#8221;2513&#8243; img_size=&#8221;full&#8221;][\/vc_column_inner][vc_column_inner width=&#8221;3\/4&#8243;][vc_custom_heading text=&#8221;Assoc. Prof. Dr. G\u00f6khan I\u015eIL&#8221; font_container=&#8221;tag:h2|font_size:40px|text_align:left&#8221; use_theme_fonts=&#8221;yes&#8221;][vc_column_text]<\/p>\n<p><strong>Expert in Financial Regulation and Banking<\/strong><\/p>\n<p>G\u00f6khan I\u015f\u0131l completed his undergraduate studies in Public Finance at Karadeniz Technical University, and his master\u2019s and doctoral degrees at Marmara University, Institute of Banking and Insurance, Department of Banking.<\/p>\n<p>[\/vc_column_text][vc_btn title=&#8221;More&#8230;&#8221; style=&#8221;outline-custom&#8221; outline_custom_color=&#8221;#000282&#8243; outline_custom_hover_background=&#8221;#000282&#8243; outline_custom_hover_text=&#8221;#ffffff&#8221; shape=&#8221;square&#8221; align=&#8221;left&#8221; link=&#8221;url:https%3A%2F%2Fwww.iste-iste.av.tr%2Fen%2Fgokhan-isil%2F|title:G%C3%B6khan%20I%C5%9F%C4%B1l&#8221;][\/vc_column_inner][\/vc_row_inner][\/vc_tta_section][\/vc_tta_tabs][\/vc_column][\/vc_row]<\/p>\n<\/div>","protected":false},"excerpt":{"rendered":"<p>[vc_row full_width=&#8221;stretch_row_content_no_spaces&#8221; uniqid=&#8221;5ca250619246e&#8221;][vc_column][\/vc_column][\/vc_row][vc_row uniqid=&#8221;633b08e915fb8&#8243;][vc_column width=&#8221;1\/4&#8243;][vc_single_image image=&#8221;1000&#8243; img_size=&#8221;full&#8221;][\/vc_column][vc_column width=&#8221;3\/4&#8243;][vc_custom_heading text=&#8221;Dr. Onur \u0130STE, Ph.D. \/J.S.D.&#8221; font_container=&#8221;tag:h2|font_size:40px|text_align:left&#8221; use_theme_fonts=&#8221;yes&#8221;][vc_column_text] Attorney at Law \/ Mediator Co-founder He graduated from Istanbul Commerce University Law Faculty. He is a member of Istanbul Bar Association since 2007. He received his&#8230; [\/vc_column_text][vc_row_inner][vc_column_inner width=&#8221;1\/6&#8243; offset=&#8221;vc_hidden-lg vc_hidden-md vc_hidden-sm vc_hidden-xs&#8221;][vc_icon icon_fontawesome=&#8221;fab fa-facebook-f&#8221; color=&#8221;black&#8221; size=&#8221;sm&#8221;][\/vc_column_inner][vc_column_inner width=&#8221;1\/6&#8243; offset=&#8221;vc_hidden-lg vc_hidden-md [&hellip;]<\/p>\n","protected":false},"author":1,"featured_media":0,"parent":0,"menu_order":0,"comment_status":"closed","ping_status":"closed","template":"template-landing.php","meta":{"footnotes":""},"class_list":["post-1845","page","type-page","status-publish","hentry"],"acf":[],"yoast_head":"<!-- This site is optimized with the Yoast SEO plugin v27.1.1 - https:\/\/yoast.com\/product\/yoast-seo-wordpress\/ -->\n<title>Our Team | Iste &amp; Iste Law Firm<\/title>\n<meta name=\"description\" content=\"You can see the counsellors and lawyers within Iste &amp; Iste Law Office on our page.\" \/>\n<meta name=\"robots\" content=\"index, follow, max-snippet:-1, max-image-preview:large, max-video-preview:-1\" \/>\n<link rel=\"canonical\" href=\"https:\/\/www.iste-iste.av.tr\/en\/our-team\/\" \/>\n<meta property=\"og:locale\" content=\"en_US\" \/>\n<meta property=\"og:type\" content=\"article\" \/>\n<meta property=\"og:title\" content=\"Our Team | Iste &amp; Iste Law Firm\" \/>\n<meta property=\"og:description\" content=\"You can see the counsellors and lawyers within Iste &amp; Iste Law Office on our page.\" \/>\n<meta property=\"og:url\" content=\"https:\/\/www.iste-iste.av.tr\/en\/our-team\/\" \/>\n<meta property=\"og:site_name\" content=\"Iste &amp; Iste Law Firm\" \/>\n<meta property=\"article:publisher\" content=\"https:\/\/www.facebook.com\/profile.php?id=100066488754343\" \/>\n<meta property=\"article:modified_time\" content=\"2026-03-02T21:22:32+00:00\" \/>\n<meta name=\"twitter:card\" content=\"summary_large_image\" \/>\n<meta name=\"twitter:label1\" content=\"Est. reading time\" \/>\n\t<meta name=\"twitter:data1\" content=\"5 minutes\" \/>\n<script type=\"application\/ld+json\" class=\"yoast-schema-graph\">{\"@context\":\"https:\/\/schema.org\",\"@graph\":[{\"@type\":\"WebPage\",\"@id\":\"https:\/\/www.iste-iste.av.tr\/en\/our-team\/\",\"url\":\"https:\/\/www.iste-iste.av.tr\/en\/our-team\/\",\"name\":\"Our Team | Iste & Iste Law Firm\",\"isPartOf\":{\"@id\":\"https:\/\/www.iste-iste.av.tr\/en\/#website\"},\"datePublished\":\"2022-07-25T18:52:10+00:00\",\"dateModified\":\"2026-03-02T21:22:32+00:00\",\"description\":\"You can see the counsellors and lawyers within Iste & Iste Law Office on our page.\",\"breadcrumb\":{\"@id\":\"https:\/\/www.iste-iste.av.tr\/en\/our-team\/#breadcrumb\"},\"inLanguage\":\"en-US\",\"potentialAction\":[{\"@type\":\"ReadAction\",\"target\":[\"https:\/\/www.iste-iste.av.tr\/en\/our-team\/\"]}]},{\"@type\":\"BreadcrumbList\",\"@id\":\"https:\/\/www.iste-iste.av.tr\/en\/our-team\/#breadcrumb\",\"itemListElement\":[{\"@type\":\"ListItem\",\"position\":1,\"name\":\"Anasayfa\",\"item\":\"https:\/\/www.iste-iste.av.tr\/en\/\"},{\"@type\":\"ListItem\",\"position\":2,\"name\":\"Our Team\"}]},{\"@type\":\"WebSite\",\"@id\":\"https:\/\/www.iste-iste.av.tr\/en\/#website\",\"url\":\"https:\/\/www.iste-iste.av.tr\/en\/\",\"name\":\"Iste & Iste Law Firm\",\"description\":\"\",\"publisher\":{\"@id\":\"https:\/\/www.iste-iste.av.tr\/en\/#organization\"},\"potentialAction\":[{\"@type\":\"SearchAction\",\"target\":{\"@type\":\"EntryPoint\",\"urlTemplate\":\"https:\/\/www.iste-iste.av.tr\/en\/?s={search_term_string}\"},\"query-input\":{\"@type\":\"PropertyValueSpecification\",\"valueRequired\":true,\"valueName\":\"search_term_string\"}}],\"inLanguage\":\"en-US\"},{\"@type\":\"Organization\",\"@id\":\"https:\/\/www.iste-iste.av.tr\/en\/#organization\",\"name\":\"Iste & Iste Law Firm\",\"url\":\"https:\/\/www.iste-iste.av.tr\/en\/\",\"logo\":{\"@type\":\"ImageObject\",\"inLanguage\":\"en-US\",\"@id\":\"https:\/\/www.iste-iste.av.tr\/en\/#\/schema\/logo\/image\/\",\"url\":\"https:\/\/www.iste-iste.av.tr\/wp-content\/uploads\/2022\/08\/preload-logo.png\",\"contentUrl\":\"https:\/\/www.iste-iste.av.tr\/wp-content\/uploads\/2022\/08\/preload-logo.png\",\"width\":482,\"height\":141,\"caption\":\"Iste & Iste Law Firm\"},\"image\":{\"@id\":\"https:\/\/www.iste-iste.av.tr\/en\/#\/schema\/logo\/image\/\"},\"sameAs\":[\"https:\/\/www.facebook.com\/profile.php?id=100066488754343\"]}]}<\/script>\n<!-- \/ Yoast SEO plugin. -->","yoast_head_json":{"title":"Our Team | Iste & Iste Law Firm","description":"You can see the counsellors and lawyers within Iste & Iste Law Office on our page.","robots":{"index":"index","follow":"follow","max-snippet":"max-snippet:-1","max-image-preview":"max-image-preview:large","max-video-preview":"max-video-preview:-1"},"canonical":"https:\/\/www.iste-iste.av.tr\/en\/our-team\/","og_locale":"en_US","og_type":"article","og_title":"Our Team | Iste & Iste Law Firm","og_description":"You can see the counsellors and lawyers within Iste & Iste Law Office on our page.","og_url":"https:\/\/www.iste-iste.av.tr\/en\/our-team\/","og_site_name":"Iste & Iste Law Firm","article_publisher":"https:\/\/www.facebook.com\/profile.php?id=100066488754343","article_modified_time":"2026-03-02T21:22:32+00:00","twitter_card":"summary_large_image","twitter_misc":{"Est. reading time":"5 minutes"},"schema":{"@context":"https:\/\/schema.org","@graph":[{"@type":"WebPage","@id":"https:\/\/www.iste-iste.av.tr\/en\/our-team\/","url":"https:\/\/www.iste-iste.av.tr\/en\/our-team\/","name":"Our Team | Iste & Iste Law Firm","isPartOf":{"@id":"https:\/\/www.iste-iste.av.tr\/en\/#website"},"datePublished":"2022-07-25T18:52:10+00:00","dateModified":"2026-03-02T21:22:32+00:00","description":"You can see the counsellors and lawyers within Iste & Iste Law Office on our page.","breadcrumb":{"@id":"https:\/\/www.iste-iste.av.tr\/en\/our-team\/#breadcrumb"},"inLanguage":"en-US","potentialAction":[{"@type":"ReadAction","target":["https:\/\/www.iste-iste.av.tr\/en\/our-team\/"]}]},{"@type":"BreadcrumbList","@id":"https:\/\/www.iste-iste.av.tr\/en\/our-team\/#breadcrumb","itemListElement":[{"@type":"ListItem","position":1,"name":"Anasayfa","item":"https:\/\/www.iste-iste.av.tr\/en\/"},{"@type":"ListItem","position":2,"name":"Our Team"}]},{"@type":"WebSite","@id":"https:\/\/www.iste-iste.av.tr\/en\/#website","url":"https:\/\/www.iste-iste.av.tr\/en\/","name":"Iste & Iste Law Firm","description":"","publisher":{"@id":"https:\/\/www.iste-iste.av.tr\/en\/#organization"},"potentialAction":[{"@type":"SearchAction","target":{"@type":"EntryPoint","urlTemplate":"https:\/\/www.iste-iste.av.tr\/en\/?s={search_term_string}"},"query-input":{"@type":"PropertyValueSpecification","valueRequired":true,"valueName":"search_term_string"}}],"inLanguage":"en-US"},{"@type":"Organization","@id":"https:\/\/www.iste-iste.av.tr\/en\/#organization","name":"Iste & Iste Law Firm","url":"https:\/\/www.iste-iste.av.tr\/en\/","logo":{"@type":"ImageObject","inLanguage":"en-US","@id":"https:\/\/www.iste-iste.av.tr\/en\/#\/schema\/logo\/image\/","url":"https:\/\/www.iste-iste.av.tr\/wp-content\/uploads\/2022\/08\/preload-logo.png","contentUrl":"https:\/\/www.iste-iste.av.tr\/wp-content\/uploads\/2022\/08\/preload-logo.png","width":482,"height":141,"caption":"Iste & Iste Law Firm"},"image":{"@id":"https:\/\/www.iste-iste.av.tr\/en\/#\/schema\/logo\/image\/"},"sameAs":["https:\/\/www.facebook.com\/profile.php?id=100066488754343"]}]}},"_links":{"self":[{"href":"https:\/\/www.iste-iste.av.tr\/en\/wp-json\/wp\/v2\/pages\/1845","targetHints":{"allow":["GET"]}}],"collection":[{"href":"https:\/\/www.iste-iste.av.tr\/en\/wp-json\/wp\/v2\/pages"}],"about":[{"href":"https:\/\/www.iste-iste.av.tr\/en\/wp-json\/wp\/v2\/types\/page"}],"author":[{"embeddable":true,"href":"https:\/\/www.iste-iste.av.tr\/en\/wp-json\/wp\/v2\/users\/1"}],"replies":[{"embeddable":true,"href":"https:\/\/www.iste-iste.av.tr\/en\/wp-json\/wp\/v2\/comments?post=1845"}],"version-history":[{"count":0,"href":"https:\/\/www.iste-iste.av.tr\/en\/wp-json\/wp\/v2\/pages\/1845\/revisions"}],"wp:attachment":[{"href":"https:\/\/www.iste-iste.av.tr\/en\/wp-json\/wp\/v2\/media?parent=1845"}],"curies":[{"name":"wp","href":"https:\/\/api.w.org\/{rel}","templated":true}]}}