{"id":1839,"date":"2019-03-16T20:18:42","date_gmt":"2019-03-16T17:18:42","guid":{"rendered":"https:\/\/www.iste-iste.av.tr\/iletisim\/"},"modified":"2025-08-16T20:13:49","modified_gmt":"2025-08-16T17:13:49","slug":"contact","status":"publish","type":"page","link":"https:\/\/www.iste-iste.av.tr\/en\/contact\/","title":{"rendered":"Contact"},"content":{"rendered":"<div class=\"wpb-content-wrapper\"><p>[vc_row][vc_column]    <div class=\"heading-block heading-5ca3978fecba3 tac h-h1 with-bottom-line\">\n                        <div class=\"sub-h\">You can reach us at any time<\/div>\n                  <h1 class=\"h\">CONTACT<\/h1>\n                  <\/div>\n        <div class=\"icon-box8-items row icon-box8-items-5ca3987e1230b vc_custom_1662808759862\">\n          <div class=\" col-12 col-md-6 col-lg-4 col-xl-4\">\n      <div class=\"icon-box8 icon-box8-5ca398bc87903 with-icon\">\n                  <i class=\"base-icon-placeholder\"><\/i>\n                  <h6 class=\"h\">Address<\/h6>\n                  <div class=\"desc\">Dar\u00fc\u015f\u015fafaka Mh. \u00c7a\u011fda\u015f Sk.<br \/>\nA2 Blok No:7 D:5 Sar\u0131yer\/\u0130stanbul<\/div>\n              <\/div>\n    <\/div>\n        <div class=\" col-12 col-md-6 col-lg-4 col-xl-4\">\n      <div class=\"icon-box8 icon-box8-5ca398a7d912e with-icon\">\n                  <i class=\"base-icon-phone-call\"><\/i>\n                  <h6 class=\"h\">Phone<\/h6>\n                  <div class=\"desc\">+90 212 240 76 04<\/div>\n              <\/div>\n    <\/div>\n        <div class=\" col-12 col-md-6 col-lg-4 col-xl-4\">\n      <div class=\"icon-box8 icon-box8-5ca39887334da with-icon\">\n                  <i class=\"base-icon-envelope\"><\/i>\n                  <h6 class=\"h\">Email<\/h6>\n                  <div class=\"desc\">info@iste-iste.av.tr<\/div>\n              <\/div>\n    <\/div>\n        <\/div>\n    [\/vc_column][\/vc_row][vc_row full_width=&#8221;stretch_row_content_no_spaces&#8221; equal_height=&#8221;yes&#8221; content_placement=&#8221;middle&#8221; uniqid=&#8221;5ca3a1cb26c2d&#8221;][vc_column width=&#8221;1\/2&#8243; background_parallax=&#8221;on&#8221; content_color=&#8221;white&#8221; bg_overlay=&#8221;on&#8221; color_overlay=&#8221;on&#8221; gradient_overlay=&#8221;&#8221; dots_overlay=&#8221;&#8221; uniqid=&#8221;5ca3a40b61132&#8243; background_image=&#8221;26&#8243;][vc_column_text]<\/p>\n\n<div class=\"wpcf7 no-js\" id=\"wpcf7-f2077-o1\" lang=\"en-US\" dir=\"ltr\" data-wpcf7-id=\"2077\">\n<div class=\"screen-reader-response\"><p role=\"status\" aria-live=\"polite\" aria-atomic=\"true\"><\/p> <ul><\/ul><\/div>\n<form action=\"\/en\/wp-json\/wp\/v2\/pages\/1839#wpcf7-f2077-o1\" method=\"post\" class=\"wpcf7-form init\" aria-label=\"Contact form\" novalidate=\"novalidate\" data-status=\"init\">\n<fieldset class=\"hidden-fields-container\"><input type=\"hidden\" name=\"_wpcf7\" value=\"2077\" \/><input type=\"hidden\" name=\"_wpcf7_version\" value=\"6.1.5\" \/><input type=\"hidden\" name=\"_wpcf7_locale\" value=\"en_US\" \/><input type=\"hidden\" name=\"_wpcf7_unit_tag\" value=\"wpcf7-f2077-o1\" \/><input type=\"hidden\" name=\"_wpcf7_container_post\" value=\"0\" \/><input type=\"hidden\" name=\"_wpcf7_posted_data_hash\" value=\"\" \/>\n<\/fieldset>\n<div class=\"contact-form-style3 row\">\n  <div class=\"heading-block col-12\">\n    <h3 class=\"h\">Contact Form<\/h3>\n  <\/div>\n  <div class=\"col-12\">\n    <span class=\"wpcf7-form-control-wrap\" data-name=\"f-name\"><input size=\"40\" maxlength=\"400\" class=\"wpcf7-form-control wpcf7-text style2\" aria-invalid=\"false\" placeholder=\"Name &amp; Surname\" value=\"\" type=\"text\" name=\"f-name\" \/><\/span>\n  <\/div>\n  <div class=\"col-12\">\n    <span class=\"wpcf7-form-control-wrap\" data-name=\"f-email\"><input size=\"40\" maxlength=\"400\" class=\"wpcf7-form-control wpcf7-text style2\" aria-invalid=\"false\" placeholder=\"Email\" value=\"\" type=\"text\" name=\"f-email\" \/><\/span>\n  <\/div>\n  <div class=\"col-12\">\n    <span class=\"wpcf7-form-control-wrap\" data-name=\"f-text\"><textarea cols=\"40\" rows=\"6\" maxlength=\"2000\" class=\"wpcf7-form-control wpcf7-textarea style2\" aria-invalid=\"false\" placeholder=\"Your Message\" name=\"f-text\"><\/textarea><\/span>\n  <\/div>\n  <div class=\"col-12\">\n    <button class=\"button-style2\" type=\"submit\"><span>Send<\/span><i class=\"admin-ui-right-arrow\"><\/i><\/button>\n  <\/div>\n<\/div><div class=\"wpcf7-response-output\" aria-hidden=\"true\"><\/div>\n<\/form>\n<\/div>\n\n<p>[\/vc_column_text][\/vc_column][vc_column width=&#8221;1\/2&#8243;][vc_raw_html css=&#8221;.vc_custom_1658760509656{margin-bottom: 0px !important;}&#8221;]JTNDaWZyYW1lJTIwc3JjJTNEJTIyaHR0cHMlM0ElMkYlMkZ3d3cuZ29vZ2xlLmNvbSUyRm1hcHMlMkZlbWJlZCUzRnBiJTNEJTIxMW0xNCUyMTFtOCUyMTFtMyUyMTFkMTUwNC4yMzgzMzgxNzMxOTY4JTIxMmQyOC45ODUzMDUlMjEzZDQxLjA1ODU3MiUyMTNtMiUyMTFpMTAyNCUyMTJpNzY4JTIxNGYxMy4xJTIxM20zJTIxMW0yJTIxMXMweDAlMjUzQTB4OGQ0MTcxN2QyYTRiN2VmYyUyMTJ6eExCemRHVW14TEJ6ZEdVZ1FYWjFhMkYwYk1TeGF5QkN3N3h5YjNOMUxVbHpkR1VtU1hOMFpTQk1ZWGNnUm1seWJRJTIxNWUwJTIxM20yJTIxMXN0ciUyMTJzdHIlMjE0djE2NTg3NTU5MTg3NTklMjE1bTIlMjExc3RyJTIxMnN0ciUyMiUyMHdpZHRoJTNEJTIyODY0JTIyJTIwaGVpZ2h0JTNEJTIyNjEwJTIyJTIwc3R5bGUlM0QlMjJib3JkZXIlM0EwJTNCJTIyJTIwYWxsb3dmdWxsc2NyZWVuJTNEJTIyJTIyJTIwbG9hZGluZyUzRCUyMmxhenklMjIlMjByZWZlcnJlcnBvbGljeSUzRCUyMm5vLXJlZmVycmVyLXdoZW4tZG93bmdyYWRlJTIyJTNFJTNDJTJGaWZyYW1lJTNF[\/vc_raw_html][\/vc_column][\/vc_row]<\/p>\n<\/div>","protected":false},"excerpt":{"rendered":"<p>[vc_row][vc_column][\/vc_column][\/vc_row][vc_row full_width=&#8221;stretch_row_content_no_spaces&#8221; equal_height=&#8221;yes&#8221; content_placement=&#8221;middle&#8221; uniqid=&#8221;5ca3a1cb26c2d&#8221;][vc_column width=&#8221;1\/2&#8243; background_parallax=&#8221;on&#8221; content_color=&#8221;white&#8221; bg_overlay=&#8221;on&#8221; color_overlay=&#8221;on&#8221; gradient_overlay=&#8221;&#8221; dots_overlay=&#8221;&#8221; uniqid=&#8221;5ca3a40b61132&#8243; background_image=&#8221;26&#8243;][vc_column_text] [\/vc_column_text][\/vc_column][vc_column width=&#8221;1\/2&#8243;][vc_raw_html css=&#8221;.vc_custom_1658760509656{margin-bottom: 0px !important;}&#8221;]JTNDaWZyYW1lJTIwc3JjJTNEJTIyaHR0cHMlM0ElMkYlMkZ3d3cuZ29vZ2xlLmNvbSUyRm1hcHMlMkZlbWJlZCUzRnBiJTNEJTIxMW0xNCUyMTFtOCUyMTFtMyUyMTFkMTUwNC4yMzgzMzgxNzMxOTY4JTIxMmQyOC45ODUzMDUlMjEzZDQxLjA1ODU3MiUyMTNtMiUyMTFpMTAyNCUyMTJpNzY4JTIxNGYxMy4xJTIxM20zJTIxMW0yJTIxMXMweDAlMjUzQTB4OGQ0MTcxN2QyYTRiN2VmYyUyMTJ6eExCemRHVW14TEJ6ZEdVZ1FYWjFhMkYwYk1TeGF5QkN3N3h5YjNOMUxVbHpkR1VtU1hOMFpTQk1ZWGNnUm1seWJRJTIxNWUwJTIxM20yJTIxMXN0ciUyMTJzdHIlMjE0djE2NTg3NTU5MTg3NTklMjE1bTIlMjExc3RyJTIxMnN0ciUyMiUyMHdpZHRoJTNEJTIyODY0JTIyJTIwaGVpZ2h0JTNEJTIyNjEwJTIyJTIwc3R5bGUlM0QlMjJib3JkZXIlM0EwJTNCJTIyJTIwYWxsb3dmdWxsc2NyZWVuJTNEJTIyJTIyJTIwbG9hZGluZyUzRCUyMmxhenklMjIlMjByZWZlcnJlcnBvbGljeSUzRCUyMm5vLXJlZmVycmVyLXdoZW4tZG93bmdyYWRlJTIyJTNFJTNDJTJGaWZyYW1lJTNF[\/vc_raw_html][\/vc_column][\/vc_row]<\/p>\n","protected":false},"author":1,"featured_media":0,"parent":0,"menu_order":0,"comment_status":"closed","ping_status":"closed","template":"template-landing.php","meta":{"footnotes":""},"class_list":["post-1839","page","type-page","status-publish","hentry"],"acf":[],"yoast_head":"<!-- This site is optimized with the Yoast SEO plugin v27.1.1 - https:\/\/yoast.com\/product\/yoast-seo-wordpress\/ -->\n<title>Contact | Iste &amp; Iste Law Firm<\/title>\n<meta name=\"description\" content=\"You can find telephone and address information on our page to contact Iste&amp;Iste Law Office.\" \/>\n<meta name=\"robots\" content=\"index, follow, max-snippet:-1, max-image-preview:large, max-video-preview:-1\" \/>\n<link rel=\"canonical\" href=\"https:\/\/www.iste-iste.av.tr\/en\/contact\/\" \/>\n<meta property=\"og:locale\" content=\"en_US\" \/>\n<meta property=\"og:type\" content=\"article\" \/>\n<meta property=\"og:title\" content=\"Contact | Iste &amp; Iste Law Firm\" \/>\n<meta property=\"og:description\" content=\"You can find telephone and address information on our page to contact Iste&amp;Iste Law Office.\" \/>\n<meta property=\"og:url\" content=\"https:\/\/www.iste-iste.av.tr\/en\/contact\/\" \/>\n<meta property=\"og:site_name\" content=\"Iste &amp; Iste Law Firm\" \/>\n<meta property=\"article:publisher\" content=\"https:\/\/www.facebook.com\/profile.php?id=100066488754343\" \/>\n<meta property=\"article:modified_time\" content=\"2025-08-16T17:13:49+00:00\" \/>\n<meta name=\"twitter:card\" content=\"summary_large_image\" \/>\n<meta name=\"twitter:label1\" content=\"Est. reading time\" \/>\n\t<meta name=\"twitter:data1\" content=\"1 minute\" \/>\n<script type=\"application\/ld+json\" class=\"yoast-schema-graph\">{\"@context\":\"https:\/\/schema.org\",\"@graph\":[{\"@type\":\"WebPage\",\"@id\":\"https:\/\/www.iste-iste.av.tr\/en\/contact\/\",\"url\":\"https:\/\/www.iste-iste.av.tr\/en\/contact\/\",\"name\":\"Contact | Iste & Iste Law Firm\",\"isPartOf\":{\"@id\":\"https:\/\/www.iste-iste.av.tr\/en\/#website\"},\"datePublished\":\"2019-03-16T17:18:42+00:00\",\"dateModified\":\"2025-08-16T17:13:49+00:00\",\"description\":\"You can find telephone and address information on our page to contact Iste&Iste Law Office.\",\"breadcrumb\":{\"@id\":\"https:\/\/www.iste-iste.av.tr\/en\/contact\/#breadcrumb\"},\"inLanguage\":\"en-US\",\"potentialAction\":[{\"@type\":\"ReadAction\",\"target\":[\"https:\/\/www.iste-iste.av.tr\/en\/contact\/\"]}]},{\"@type\":\"BreadcrumbList\",\"@id\":\"https:\/\/www.iste-iste.av.tr\/en\/contact\/#breadcrumb\",\"itemListElement\":[{\"@type\":\"ListItem\",\"position\":1,\"name\":\"Anasayfa\",\"item\":\"https:\/\/www.iste-iste.av.tr\/en\/\"},{\"@type\":\"ListItem\",\"position\":2,\"name\":\"Contact\"}]},{\"@type\":\"WebSite\",\"@id\":\"https:\/\/www.iste-iste.av.tr\/en\/#website\",\"url\":\"https:\/\/www.iste-iste.av.tr\/en\/\",\"name\":\"Iste & Iste Law Firm\",\"description\":\"\",\"publisher\":{\"@id\":\"https:\/\/www.iste-iste.av.tr\/en\/#organization\"},\"potentialAction\":[{\"@type\":\"SearchAction\",\"target\":{\"@type\":\"EntryPoint\",\"urlTemplate\":\"https:\/\/www.iste-iste.av.tr\/en\/?s={search_term_string}\"},\"query-input\":{\"@type\":\"PropertyValueSpecification\",\"valueRequired\":true,\"valueName\":\"search_term_string\"}}],\"inLanguage\":\"en-US\"},{\"@type\":\"Organization\",\"@id\":\"https:\/\/www.iste-iste.av.tr\/en\/#organization\",\"name\":\"Iste & Iste Law Firm\",\"url\":\"https:\/\/www.iste-iste.av.tr\/en\/\",\"logo\":{\"@type\":\"ImageObject\",\"inLanguage\":\"en-US\",\"@id\":\"https:\/\/www.iste-iste.av.tr\/en\/#\/schema\/logo\/image\/\",\"url\":\"https:\/\/www.iste-iste.av.tr\/wp-content\/uploads\/2022\/08\/preload-logo.png\",\"contentUrl\":\"https:\/\/www.iste-iste.av.tr\/wp-content\/uploads\/2022\/08\/preload-logo.png\",\"width\":482,\"height\":141,\"caption\":\"Iste & Iste Law Firm\"},\"image\":{\"@id\":\"https:\/\/www.iste-iste.av.tr\/en\/#\/schema\/logo\/image\/\"},\"sameAs\":[\"https:\/\/www.facebook.com\/profile.php?id=100066488754343\"]}]}<\/script>\n<!-- \/ Yoast SEO plugin. -->","yoast_head_json":{"title":"Contact | Iste & Iste Law Firm","description":"You can find telephone and address information on our page to contact Iste&Iste Law Office.","robots":{"index":"index","follow":"follow","max-snippet":"max-snippet:-1","max-image-preview":"max-image-preview:large","max-video-preview":"max-video-preview:-1"},"canonical":"https:\/\/www.iste-iste.av.tr\/en\/contact\/","og_locale":"en_US","og_type":"article","og_title":"Contact | Iste & Iste Law Firm","og_description":"You can find telephone and address information on our page to contact Iste&Iste Law Office.","og_url":"https:\/\/www.iste-iste.av.tr\/en\/contact\/","og_site_name":"Iste & Iste Law Firm","article_publisher":"https:\/\/www.facebook.com\/profile.php?id=100066488754343","article_modified_time":"2025-08-16T17:13:49+00:00","twitter_card":"summary_large_image","twitter_misc":{"Est. reading time":"1 minute"},"schema":{"@context":"https:\/\/schema.org","@graph":[{"@type":"WebPage","@id":"https:\/\/www.iste-iste.av.tr\/en\/contact\/","url":"https:\/\/www.iste-iste.av.tr\/en\/contact\/","name":"Contact | Iste & Iste Law Firm","isPartOf":{"@id":"https:\/\/www.iste-iste.av.tr\/en\/#website"},"datePublished":"2019-03-16T17:18:42+00:00","dateModified":"2025-08-16T17:13:49+00:00","description":"You can find telephone and address information on our page to contact Iste&Iste Law Office.","breadcrumb":{"@id":"https:\/\/www.iste-iste.av.tr\/en\/contact\/#breadcrumb"},"inLanguage":"en-US","potentialAction":[{"@type":"ReadAction","target":["https:\/\/www.iste-iste.av.tr\/en\/contact\/"]}]},{"@type":"BreadcrumbList","@id":"https:\/\/www.iste-iste.av.tr\/en\/contact\/#breadcrumb","itemListElement":[{"@type":"ListItem","position":1,"name":"Anasayfa","item":"https:\/\/www.iste-iste.av.tr\/en\/"},{"@type":"ListItem","position":2,"name":"Contact"}]},{"@type":"WebSite","@id":"https:\/\/www.iste-iste.av.tr\/en\/#website","url":"https:\/\/www.iste-iste.av.tr\/en\/","name":"Iste & Iste Law Firm","description":"","publisher":{"@id":"https:\/\/www.iste-iste.av.tr\/en\/#organization"},"potentialAction":[{"@type":"SearchAction","target":{"@type":"EntryPoint","urlTemplate":"https:\/\/www.iste-iste.av.tr\/en\/?s={search_term_string}"},"query-input":{"@type":"PropertyValueSpecification","valueRequired":true,"valueName":"search_term_string"}}],"inLanguage":"en-US"},{"@type":"Organization","@id":"https:\/\/www.iste-iste.av.tr\/en\/#organization","name":"Iste & Iste Law Firm","url":"https:\/\/www.iste-iste.av.tr\/en\/","logo":{"@type":"ImageObject","inLanguage":"en-US","@id":"https:\/\/www.iste-iste.av.tr\/en\/#\/schema\/logo\/image\/","url":"https:\/\/www.iste-iste.av.tr\/wp-content\/uploads\/2022\/08\/preload-logo.png","contentUrl":"https:\/\/www.iste-iste.av.tr\/wp-content\/uploads\/2022\/08\/preload-logo.png","width":482,"height":141,"caption":"Iste & Iste Law Firm"},"image":{"@id":"https:\/\/www.iste-iste.av.tr\/en\/#\/schema\/logo\/image\/"},"sameAs":["https:\/\/www.facebook.com\/profile.php?id=100066488754343"]}]}},"_links":{"self":[{"href":"https:\/\/www.iste-iste.av.tr\/en\/wp-json\/wp\/v2\/pages\/1839","targetHints":{"allow":["GET"]}}],"collection":[{"href":"https:\/\/www.iste-iste.av.tr\/en\/wp-json\/wp\/v2\/pages"}],"about":[{"href":"https:\/\/www.iste-iste.av.tr\/en\/wp-json\/wp\/v2\/types\/page"}],"author":[{"embeddable":true,"href":"https:\/\/www.iste-iste.av.tr\/en\/wp-json\/wp\/v2\/users\/1"}],"replies":[{"embeddable":true,"href":"https:\/\/www.iste-iste.av.tr\/en\/wp-json\/wp\/v2\/comments?post=1839"}],"version-history":[{"count":0,"href":"https:\/\/www.iste-iste.av.tr\/en\/wp-json\/wp\/v2\/pages\/1839\/revisions"}],"wp:attachment":[{"href":"https:\/\/www.iste-iste.av.tr\/en\/wp-json\/wp\/v2\/media?parent=1839"}],"curies":[{"name":"wp","href":"https:\/\/api.w.org\/{rel}","templated":true}]}}