{"id":1828,"date":"2022-07-29T14:45:48","date_gmt":"2022-07-29T11:45:48","guid":{"rendered":"https:\/\/www.iste-iste.av.tr\/uluslararasi-yatirim-hukuku\/"},"modified":"2023-04-15T17:57:22","modified_gmt":"2023-04-15T14:57:22","slug":"international-investment-law","status":"publish","type":"page","link":"https:\/\/www.iste-iste.av.tr\/en\/international-investment-law\/","title":{"rendered":"International Investment Law"},"content":{"rendered":"<div class=\"wpb-content-wrapper\"><p>[vc_row uniqid=&#8221;5ca250619246e&#8221;][vc_column]    <div class=\"heading-block heading-62f2d98743484 tac h-h1\">\n                        <h1 class=\"h\">International Investment Law<\/h1>\n                  <\/div>\n    [\/vc_column][\/vc_row][vc_row uniqid=&#8221;62e7bc449130d&#8221;][vc_column width=&#8221;1\/2&#8243;][vc_single_image image=&#8221;1566&#8243; img_size=&#8221;full&#8221;][\/vc_column][vc_column width=&#8221;1\/2&#8243;][vc_column_text]<\/p>\n<p>Iste &amp; Iste Law Firm provides legal consultancy services in International Investment Law. International Investment Law governs foreign direct investment and the resolution of disputes between foreign investors and sovereign states. Iste &amp; Iste Law Firm acts as counsel in investor-state arbitrations arising under bilateral investment treaties (BITs), multilateral investment treaties (including the Energy Charter Treaty, NAFTA, and others), domestic investment laws or investment contracts, under all major arbitration rules (including those of the ICSID, ICSID Additional Facility, UNCITRAL, ICC, SCC and LCIA).<\/p>\n<p>[\/vc_column_text][\/vc_column][\/vc_row][vc_row disable_element=&#8221;yes&#8221; uniqid=&#8221;6306afd9b7108&#8243;][vc_column][vc_custom_heading text=&#8221;\u0130lgili Makaleler&#8221; font_container=&#8221;tag:h2|text_align:center&#8221; use_theme_fonts=&#8221;yes&#8221; css=&#8221;.vc_custom_1660082598781{padding-top: 30px !important;padding-bottom: 50px !important;}&#8221;][vc_basic_grid post_type=&#8221;post&#8221; max_items=&#8221;10&#8243; style=&#8221;load-more&#8221; items_per_page=&#8221;3&#8243; element_width=&#8221;12&#8243; item=&#8221;1035&#8243; btn_title=&#8221;Di\u011fer Yaz\u0131lar&#8221; btn_style=&#8221;outline-custom&#8221; btn_outline_custom_color=&#8221;#000282&#8243; btn_outline_custom_hover_background=&#8221;#000282&#8243; btn_outline_custom_hover_text=&#8221;#ffffff&#8221; btn_shape=&#8221;square&#8221; grid_id=&#8221;vc_gid:1664819316902-574cec35-41e9-3&#8243; taxonomies=&#8221;58&#8243;][\/vc_column][\/vc_row]<\/p>\n<\/div>","protected":false},"excerpt":{"rendered":"<p>[vc_row uniqid=&#8221;5ca250619246e&#8221;][vc_column][\/vc_column][\/vc_row][vc_row uniqid=&#8221;62e7bc449130d&#8221;][vc_column width=&#8221;1\/2&#8243;][vc_single_image image=&#8221;1566&#8243; img_size=&#8221;full&#8221;][\/vc_column][vc_column width=&#8221;1\/2&#8243;][vc_column_text] Iste &amp; Iste Law Firm provides legal consultancy services in International Investment Law. International Investment Law governs foreign direct investment and the resolution of disputes between foreign investors and sovereign states. Iste &amp; Iste Law Firm acts as counsel in investor-state arbitrations arising under bilateral investment treaties (BITs), [&hellip;]<\/p>\n","protected":false},"author":1,"featured_media":1807,"parent":0,"menu_order":0,"comment_status":"closed","ping_status":"closed","template":"template-landing.php","meta":{"footnotes":""},"class_list":["post-1828","page","type-page","status-publish","has-post-thumbnail","hentry"],"acf":[],"yoast_head":"<!-- This site is optimized with the Yoast SEO plugin v27.1.1 - https:\/\/yoast.com\/product\/yoast-seo-wordpress\/ -->\n<title>International Investment Law | Iste &amp; Iste Law Firm<\/title>\n<meta name=\"description\" content=\"You can get detailed information about International Investment Law from our page and contact us.\" \/>\n<meta name=\"robots\" content=\"index, follow, max-snippet:-1, max-image-preview:large, max-video-preview:-1\" \/>\n<link rel=\"canonical\" href=\"https:\/\/www.iste-iste.av.tr\/en\/international-investment-law\/\" \/>\n<meta property=\"og:locale\" content=\"en_US\" \/>\n<meta property=\"og:type\" content=\"article\" \/>\n<meta property=\"og:title\" content=\"International Investment Law | Iste &amp; Iste Law Firm\" \/>\n<meta property=\"og:description\" content=\"You can get detailed information about International Investment Law from our page and contact us.\" \/>\n<meta property=\"og:url\" content=\"https:\/\/www.iste-iste.av.tr\/en\/international-investment-law\/\" \/>\n<meta property=\"og:site_name\" content=\"Iste &amp; Iste Law Firm\" \/>\n<meta property=\"article:publisher\" content=\"https:\/\/www.facebook.com\/profile.php?id=100066488754343\" \/>\n<meta property=\"article:modified_time\" content=\"2023-04-15T14:57:22+00:00\" \/>\n<meta property=\"og:image\" content=\"https:\/\/www.iste-iste.av.tr\/wp-content\/uploads\/2022\/08\/uluslararasi-yatirim-hukuku-tumb-1.jpg\" \/>\n\t<meta property=\"og:image:width\" content=\"367\" \/>\n\t<meta property=\"og:image:height\" content=\"288\" \/>\n\t<meta property=\"og:image:type\" content=\"image\/jpeg\" \/>\n<meta name=\"twitter:card\" content=\"summary_large_image\" \/>\n<meta name=\"twitter:label1\" content=\"Est. reading time\" \/>\n\t<meta name=\"twitter:data1\" content=\"1 minute\" \/>\n<script type=\"application\/ld+json\" class=\"yoast-schema-graph\">{\"@context\":\"https:\/\/schema.org\",\"@graph\":[{\"@type\":\"WebPage\",\"@id\":\"https:\/\/www.iste-iste.av.tr\/en\/international-investment-law\/\",\"url\":\"https:\/\/www.iste-iste.av.tr\/en\/international-investment-law\/\",\"name\":\"International Investment Law | Iste & Iste Law Firm\",\"isPartOf\":{\"@id\":\"https:\/\/www.iste-iste.av.tr\/en\/#website\"},\"primaryImageOfPage\":{\"@id\":\"https:\/\/www.iste-iste.av.tr\/en\/international-investment-law\/#primaryimage\"},\"image\":{\"@id\":\"https:\/\/www.iste-iste.av.tr\/en\/international-investment-law\/#primaryimage\"},\"thumbnailUrl\":\"https:\/\/www.iste-iste.av.tr\/wp-content\/uploads\/2022\/08\/uluslararasi-yatirim-hukuku-tumb-1.jpg\",\"datePublished\":\"2022-07-29T11:45:48+00:00\",\"dateModified\":\"2023-04-15T14:57:22+00:00\",\"description\":\"You can get detailed information about International Investment Law from our page and contact us.\",\"breadcrumb\":{\"@id\":\"https:\/\/www.iste-iste.av.tr\/en\/international-investment-law\/#breadcrumb\"},\"inLanguage\":\"en-US\",\"potentialAction\":[{\"@type\":\"ReadAction\",\"target\":[\"https:\/\/www.iste-iste.av.tr\/en\/international-investment-law\/\"]}]},{\"@type\":\"ImageObject\",\"inLanguage\":\"en-US\",\"@id\":\"https:\/\/www.iste-iste.av.tr\/en\/international-investment-law\/#primaryimage\",\"url\":\"https:\/\/www.iste-iste.av.tr\/wp-content\/uploads\/2022\/08\/uluslararasi-yatirim-hukuku-tumb-1.jpg\",\"contentUrl\":\"https:\/\/www.iste-iste.av.tr\/wp-content\/uploads\/2022\/08\/uluslararasi-yatirim-hukuku-tumb-1.jpg\",\"width\":367,\"height\":288,\"caption\":\"uluslararas\u0131 yat\u0131r\u0131m hukuku\"},{\"@type\":\"BreadcrumbList\",\"@id\":\"https:\/\/www.iste-iste.av.tr\/en\/international-investment-law\/#breadcrumb\",\"itemListElement\":[{\"@type\":\"ListItem\",\"position\":1,\"name\":\"Anasayfa\",\"item\":\"https:\/\/www.iste-iste.av.tr\/en\/\"},{\"@type\":\"ListItem\",\"position\":2,\"name\":\"International Investment Law\"}]},{\"@type\":\"WebSite\",\"@id\":\"https:\/\/www.iste-iste.av.tr\/en\/#website\",\"url\":\"https:\/\/www.iste-iste.av.tr\/en\/\",\"name\":\"Iste & Iste Law Firm\",\"description\":\"\",\"publisher\":{\"@id\":\"https:\/\/www.iste-iste.av.tr\/en\/#organization\"},\"potentialAction\":[{\"@type\":\"SearchAction\",\"target\":{\"@type\":\"EntryPoint\",\"urlTemplate\":\"https:\/\/www.iste-iste.av.tr\/en\/?s={search_term_string}\"},\"query-input\":{\"@type\":\"PropertyValueSpecification\",\"valueRequired\":true,\"valueName\":\"search_term_string\"}}],\"inLanguage\":\"en-US\"},{\"@type\":\"Organization\",\"@id\":\"https:\/\/www.iste-iste.av.tr\/en\/#organization\",\"name\":\"Iste & Iste Law Firm\",\"url\":\"https:\/\/www.iste-iste.av.tr\/en\/\",\"logo\":{\"@type\":\"ImageObject\",\"inLanguage\":\"en-US\",\"@id\":\"https:\/\/www.iste-iste.av.tr\/en\/#\/schema\/logo\/image\/\",\"url\":\"https:\/\/www.iste-iste.av.tr\/wp-content\/uploads\/2022\/08\/preload-logo.png\",\"contentUrl\":\"https:\/\/www.iste-iste.av.tr\/wp-content\/uploads\/2022\/08\/preload-logo.png\",\"width\":482,\"height\":141,\"caption\":\"Iste & Iste Law Firm\"},\"image\":{\"@id\":\"https:\/\/www.iste-iste.av.tr\/en\/#\/schema\/logo\/image\/\"},\"sameAs\":[\"https:\/\/www.facebook.com\/profile.php?id=100066488754343\"]}]}<\/script>\n<!-- \/ Yoast SEO plugin. -->","yoast_head_json":{"title":"International Investment Law | Iste & Iste Law Firm","description":"You can get detailed information about International Investment Law from our page and contact us.","robots":{"index":"index","follow":"follow","max-snippet":"max-snippet:-1","max-image-preview":"max-image-preview:large","max-video-preview":"max-video-preview:-1"},"canonical":"https:\/\/www.iste-iste.av.tr\/en\/international-investment-law\/","og_locale":"en_US","og_type":"article","og_title":"International Investment Law | Iste & Iste Law Firm","og_description":"You can get detailed information about International Investment Law from our page and contact us.","og_url":"https:\/\/www.iste-iste.av.tr\/en\/international-investment-law\/","og_site_name":"Iste & Iste Law Firm","article_publisher":"https:\/\/www.facebook.com\/profile.php?id=100066488754343","article_modified_time":"2023-04-15T14:57:22+00:00","og_image":[{"width":367,"height":288,"url":"https:\/\/www.iste-iste.av.tr\/wp-content\/uploads\/2022\/08\/uluslararasi-yatirim-hukuku-tumb-1.jpg","type":"image\/jpeg"}],"twitter_card":"summary_large_image","twitter_misc":{"Est. reading time":"1 minute"},"schema":{"@context":"https:\/\/schema.org","@graph":[{"@type":"WebPage","@id":"https:\/\/www.iste-iste.av.tr\/en\/international-investment-law\/","url":"https:\/\/www.iste-iste.av.tr\/en\/international-investment-law\/","name":"International Investment Law | Iste & Iste Law Firm","isPartOf":{"@id":"https:\/\/www.iste-iste.av.tr\/en\/#website"},"primaryImageOfPage":{"@id":"https:\/\/www.iste-iste.av.tr\/en\/international-investment-law\/#primaryimage"},"image":{"@id":"https:\/\/www.iste-iste.av.tr\/en\/international-investment-law\/#primaryimage"},"thumbnailUrl":"https:\/\/www.iste-iste.av.tr\/wp-content\/uploads\/2022\/08\/uluslararasi-yatirim-hukuku-tumb-1.jpg","datePublished":"2022-07-29T11:45:48+00:00","dateModified":"2023-04-15T14:57:22+00:00","description":"You can get detailed information about International Investment Law from our page and contact us.","breadcrumb":{"@id":"https:\/\/www.iste-iste.av.tr\/en\/international-investment-law\/#breadcrumb"},"inLanguage":"en-US","potentialAction":[{"@type":"ReadAction","target":["https:\/\/www.iste-iste.av.tr\/en\/international-investment-law\/"]}]},{"@type":"ImageObject","inLanguage":"en-US","@id":"https:\/\/www.iste-iste.av.tr\/en\/international-investment-law\/#primaryimage","url":"https:\/\/www.iste-iste.av.tr\/wp-content\/uploads\/2022\/08\/uluslararasi-yatirim-hukuku-tumb-1.jpg","contentUrl":"https:\/\/www.iste-iste.av.tr\/wp-content\/uploads\/2022\/08\/uluslararasi-yatirim-hukuku-tumb-1.jpg","width":367,"height":288,"caption":"uluslararas\u0131 yat\u0131r\u0131m hukuku"},{"@type":"BreadcrumbList","@id":"https:\/\/www.iste-iste.av.tr\/en\/international-investment-law\/#breadcrumb","itemListElement":[{"@type":"ListItem","position":1,"name":"Anasayfa","item":"https:\/\/www.iste-iste.av.tr\/en\/"},{"@type":"ListItem","position":2,"name":"International Investment Law"}]},{"@type":"WebSite","@id":"https:\/\/www.iste-iste.av.tr\/en\/#website","url":"https:\/\/www.iste-iste.av.tr\/en\/","name":"Iste & Iste Law Firm","description":"","publisher":{"@id":"https:\/\/www.iste-iste.av.tr\/en\/#organization"},"potentialAction":[{"@type":"SearchAction","target":{"@type":"EntryPoint","urlTemplate":"https:\/\/www.iste-iste.av.tr\/en\/?s={search_term_string}"},"query-input":{"@type":"PropertyValueSpecification","valueRequired":true,"valueName":"search_term_string"}}],"inLanguage":"en-US"},{"@type":"Organization","@id":"https:\/\/www.iste-iste.av.tr\/en\/#organization","name":"Iste & Iste Law Firm","url":"https:\/\/www.iste-iste.av.tr\/en\/","logo":{"@type":"ImageObject","inLanguage":"en-US","@id":"https:\/\/www.iste-iste.av.tr\/en\/#\/schema\/logo\/image\/","url":"https:\/\/www.iste-iste.av.tr\/wp-content\/uploads\/2022\/08\/preload-logo.png","contentUrl":"https:\/\/www.iste-iste.av.tr\/wp-content\/uploads\/2022\/08\/preload-logo.png","width":482,"height":141,"caption":"Iste & Iste Law Firm"},"image":{"@id":"https:\/\/www.iste-iste.av.tr\/en\/#\/schema\/logo\/image\/"},"sameAs":["https:\/\/www.facebook.com\/profile.php?id=100066488754343"]}]}},"_links":{"self":[{"href":"https:\/\/www.iste-iste.av.tr\/en\/wp-json\/wp\/v2\/pages\/1828","targetHints":{"allow":["GET"]}}],"collection":[{"href":"https:\/\/www.iste-iste.av.tr\/en\/wp-json\/wp\/v2\/pages"}],"about":[{"href":"https:\/\/www.iste-iste.av.tr\/en\/wp-json\/wp\/v2\/types\/page"}],"author":[{"embeddable":true,"href":"https:\/\/www.iste-iste.av.tr\/en\/wp-json\/wp\/v2\/users\/1"}],"replies":[{"embeddable":true,"href":"https:\/\/www.iste-iste.av.tr\/en\/wp-json\/wp\/v2\/comments?post=1828"}],"version-history":[{"count":0,"href":"https:\/\/www.iste-iste.av.tr\/en\/wp-json\/wp\/v2\/pages\/1828\/revisions"}],"wp:featuredmedia":[{"embeddable":true,"href":"https:\/\/www.iste-iste.av.tr\/en\/wp-json\/wp\/v2\/media\/1807"}],"wp:attachment":[{"href":"https:\/\/www.iste-iste.av.tr\/en\/wp-json\/wp\/v2\/media?parent=1828"}],"curies":[{"name":"wp","href":"https:\/\/api.w.org\/{rel}","templated":true}]}}